{"id":19139,"date":"2020-04-29T16:01:46","date_gmt":"2020-04-29T16:01:46","guid":{"rendered":"https:\/\/calet.uk\/?page_id=19139"},"modified":"2020-04-29T23:39:25","modified_gmt":"2020-04-29T23:39:25","slug":"blog","status":"publish","type":"page","link":"https:\/\/calet.uk\/fr\/blog\/","title":{"rendered":"Blog"},"content":{"rendered":"<div data-elementor-type=\"wp-page\" data-elementor-id=\"19139\" class=\"elementor elementor-19139\">\n\t\t\t\t\t\t<div class=\"elementor-inner\">\n\t\t\t\t<div class=\"elementor-section-wrap\">\n\t\t\t\t\t\t\t\t\t<section class=\"elementor-section elementor-top-section elementor-element elementor-element-7e43395a elementor-section-boxed elementor-section-height-default elementor-section-height-default\" data-id=\"7e43395a\" data-element_type=\"section\">\n\t\t\t\t\t\t<div class=\"elementor-container elementor-column-gap-default\">\n\t\t\t\t\t\t\t<div class=\"elementor-row\">\n\t\t\t\t\t<div class=\"elementor-column elementor-col-100 elementor-top-column elementor-element elementor-element-45b9026d\" data-id=\"45b9026d\" data-element_type=\"column\">\n\t\t\t<div class=\"elementor-column-wrap elementor-element-populated\">\n\t\t\t\t\t\t\t<div class=\"elementor-widget-wrap\">\n\t\t\t\t\t\t<div class=\"elementor-element elementor-element-44899541 elementor-widget elementor-widget-text-editor\" data-id=\"44899541\" data-element_type=\"widget\" data-widget_type=\"text-editor.default\">\n\t\t\t\t<div class=\"elementor-widget-container\">\n\t\t\t\t\t\t\t\t<div class=\"elementor-text-editor elementor-clearfix\">\n\t\t\t\t<h4><strong><a href=\"https:\/\/calet.uk\/fr\/nouveau-poste\/\" target=\"_blank\" rel=\"noopener noreferrer\">Ajouter un nouveau message<\/a><\/strong><\/h4><div class=\"vc_row wpb_row vc_row-fluid vc_row\"><div class=\"wpb_column vc_column_container vc_col-sm-12 vc_column\"><div class=\"vc_column-inner\"><div class=\"wpb_wrapper\"><div class=\"lvca-portfolio-wrap lvca-gapless-grid\"><div class=\"lvca-portfolio-header  lvca-no-heading\"><div class=\"lvca-taxonomy-filter\"><div class=\"lvca-filter-item segment-0 lvca-active\"><a data-value=\"*\" href=\"#\">All<\/a><\/div><div class=\"lvca-filter-item segment-1\"><a href=\"#\" data-value=\".term-84\" title=\"View all items filed under Student Property Treforest\">Terrain \u00e9tudiant Treforest<\/a><\/div><div class=\"lvca-filter-item segment-2\"><a href=\"#\" data-value=\".term-4\" title=\"View all items filed under Student Tips\">Conseils aux \u00e9tudiants<\/a><\/div><div class=\"lvca-filter-item segment-3\"><a href=\"#\" data-value=\".term-1\" title=\"View all items filed under Uncategorized\">Non class\u00e9<\/a><\/div><\/div><\/div><div id=\"lvca-portfolio-69e33024b52e3\"\n                     class=\"lvca-portfolio js-isotope lvca-fitRows lvca-grid-container  lvca-grid-desktop-2 lvca-grid-tablet-2 lvca-grid-mobile-1\"\n                     data-gutter=\"20\"\n                     data-tablet_gutter=\"10\"\n                     data-tablet_width=\"800\"\n                     data-mobile_gutter=\"10\"\n                     data-mobile_width=\"480\"\n                     data-isotope-options='{ \"itemSelector\": \".lvca-portfolio-item\", \"layoutMode\": \"fitRows\" }'><div data-id=\"id-19171\" class=\"lvca-grid-item lvca-portfolio-item  term-4 term-1\"><article id=\"post-19171\" class=\"post-19171 post type-post status-publish format-standard has-post-thumbnail hentry category-student-tips category-uncategorized\"><div class=\"lvca-project-image\"><a href=\" https:\/\/calet.uk\/fr\/awaken-yoga-40-min-yoga-practice\/\" target=\"_blank\"><img decoding=\"async\" width=\"300\" height=\"168\" src=\"https:\/\/calet.uk\/wp-content\/uploads\/2020\/04\/adrienne2.jpeg\" data-pretty=\"prettyPhoto\" title=\"Cuisine \u00e9tudiante de luxe\" class=\"attachment-large size-large wp-post-image\" alt=\"Yoga \u00e9tudiant\" srcset=\"https:\/\/calet.uk\/wp-content\/uploads\/2020\/04\/adrienne2.jpeg 300w, https:\/\/calet.uk\/wp-content\/uploads\/2020\/04\/adrienne2-125x70.jpeg 125w, https:\/\/calet.uk\/wp-content\/uploads\/2020\/04\/adrienne2-75x42.jpeg 75w, https:\/\/calet.uk\/wp-content\/uploads\/2020\/04\/adrienne2-255x143.jpeg 255w\" sizes=\"(max-width: 300px) 100vw, 300px\" \/><\/a><\/div><div class=\"lvca-entry-text-wrap\"><h3 class=\"entry-title\"><a href=\"https:\/\/calet.uk\/fr\/awaken-yoga-40-min-yoga-practice\/\" title=\"Awaken Yoga - 40 min de pratique du yoga\" target=\"_blank\"\" rel=\"bookmark\">Awaken Yoga - 40 min de pratique du yoga<\/a><\/h3><div class=\"lvca-entry-meta\"><span class=\"author vcard\">Par <a class=\"url fn n\" href=\"https:\/\/calet.uk\/fr\/author\/admin\/\" title=\"administrateur\">administrateur<\/a><\/span><span class=\"published\"><abbr title=\"jeudi, avril, 2020, 8:25 am\">30 avril 2020<\/abbr><\/span><\/div><\/div><\/article><!-- .hentry --><\/div><div data-id=\"id-19151\" class=\"lvca-grid-item lvca-portfolio-item  term-4 term-1\"><article id=\"post-19151\" class=\"post-19151 post type-post status-publish format-standard has-post-thumbnail hentry category-student-tips category-uncategorized\"><div class=\"lvca-project-image\"><a href=\" https:\/\/calet.uk\/fr\/sunrise-yoga-15-min-morning-yoga-practice\/\" target=\"_blank\"><img decoding=\"async\" width=\"300\" height=\"168\" src=\"https:\/\/calet.uk\/wp-content\/uploads\/2020\/04\/adrienne.jpeg\" data-pretty=\"prettyPhoto\" title=\"Cuisine \u00e9tudiante de luxe\" class=\"attachment-large size-large wp-post-image\" alt=\"\" srcset=\"https:\/\/calet.uk\/wp-content\/uploads\/2020\/04\/adrienne.jpeg 300w, https:\/\/calet.uk\/wp-content\/uploads\/2020\/04\/adrienne-125x70.jpeg 125w, https:\/\/calet.uk\/wp-content\/uploads\/2020\/04\/adrienne-75x42.jpeg 75w, https:\/\/calet.uk\/wp-content\/uploads\/2020\/04\/adrienne-255x143.jpeg 255w\" sizes=\"(max-width: 300px) 100vw, 300px\" \/><\/a><\/div><div class=\"lvca-entry-text-wrap\"><h3 class=\"entry-title\"><a href=\"https:\/\/calet.uk\/fr\/sunrise-yoga-15-min-morning-yoga-practice\/\" title=\"Sunrise Yoga - 15 min de pratique du yoga le matin\" target=\"_blank\"\" rel=\"bookmark\">Sunrise Yoga - 15 min de pratique du yoga le matin<\/a><\/h3><div class=\"lvca-entry-meta\"><span class=\"author vcard\">Par <a class=\"url fn n\" href=\"https:\/\/calet.uk\/fr\/author\/admin\/\" title=\"administrateur\">administrateur<\/a><\/span><span class=\"published\"><abbr title=\"mercredi, avril, 2020, 4:22 pm\">29 avril 2020<\/abbr><\/span><\/div><\/div><\/article><!-- .hentry --><\/div><div data-id=\"id-18270\" class=\"lvca-grid-item lvca-portfolio-item  term-1\"><article id=\"post-18270\" class=\"post-18270 post type-post status-publish format-standard hentry category-uncategorized\"><div class=\"lvca-entry-text-wrap  nothumbnail\"><h3 class=\"entry-title\"><a href=\"https:\/\/calet.uk\/fr\/hello-world-2\/\" title=\"Bonjour le monde!\" target=\"_blank\"\" rel=\"bookmark\">Bonjour le monde!<\/a><\/h3><div class=\"lvca-entry-meta\"><span class=\"author vcard\">Par <a class=\"url fn n\" href=\"https:\/\/calet.uk\/fr\/author\/admin\/\" title=\"administrateur\">administrateur<\/a><\/span><span class=\"published\"><abbr title=\"jeudi, ao\u00fbt, 2017, 7:30 am\">17 ao\u00fbt 2017<\/abbr><\/span><\/div><\/div><\/article><!-- .hentry --><\/div><div data-id=\"id-198\" class=\"lvca-grid-item lvca-portfolio-item  term-84\"><article id=\"post-198\" class=\"post-198 post type-post status-publish format-standard has-post-thumbnail hentry category-student-property-treforest tag-student-homes-i-want-to-live-in\"><div class=\"lvca-project-image\"><a href=\" https:\/\/calet.uk\/fr\/sidebar-on-the-left\/\" target=\"_blank\"><img decoding=\"async\" width=\"835\" height=\"540\" src=\"https:\/\/calet.uk\/wp-content\/uploads\/2019\/05\/hallway-2.jpg\" data-pretty=\"prettyPhoto\" title=\"Cuisine \u00e9tudiante de luxe\" class=\"attachment-large size-large wp-post-image\" alt=\"Beaux couloirs\" srcset=\"https:\/\/calet.uk\/wp-content\/uploads\/2019\/05\/hallway-2.jpg 835w, https:\/\/calet.uk\/wp-content\/uploads\/2019\/05\/hallway-2-600x388.jpg 600w, https:\/\/calet.uk\/wp-content\/uploads\/2019\/05\/hallway-2-300x194.jpg 300w, https:\/\/calet.uk\/wp-content\/uploads\/2019\/05\/hallway-2-768x497.jpg 768w\" sizes=\"(max-width: 835px) 100vw, 835px\" \/><\/a><\/div><div class=\"lvca-entry-text-wrap\"><h3 class=\"entry-title\"><a href=\"https:\/\/calet.uk\/fr\/sidebar-on-the-left\/\" title=\"Maisons d&#039;\u00e9tudiants dans lesquelles je veux vivre\u2026\" target=\"_blank\"\" rel=\"bookmark\">Maisons d&#039;\u00e9tudiants dans lesquelles je veux vivre\u2026<\/a><\/h3><div class=\"lvca-entry-meta\"><span class=\"author vcard\">Par <a class=\"url fn n\" href=\"https:\/\/calet.uk\/fr\/author\/admin\/\" title=\"administrateur\">administrateur<\/a><\/span><span class=\"published\"><abbr title=\"samedi, mai, 2017, 12:58 pm\">27 mai 2017<\/abbr><\/span><\/div><\/div><\/article><!-- .hentry --><\/div><div data-id=\"id-177\" class=\"lvca-grid-item lvca-portfolio-item  term-84\"><article id=\"post-177\" class=\"post-177 post type-post status-publish format-standard has-post-thumbnail hentry category-student-property-treforest tag-price tag-real-estate-2\"><div class=\"lvca-project-image\"><a href=\" https:\/\/calet.uk\/fr\/full-width-post\/\" target=\"_blank\"><img decoding=\"async\" width=\"1024\" height=\"576\" src=\"https:\/\/calet.uk\/wp-content\/uploads\/2020\/02\/IMG-20190817-WA0000-1024x576.jpg\" data-pretty=\"prettyPhoto\" title=\"Cuisine \u00e9tudiante de luxe\" class=\"attachment-large size-large wp-post-image\" alt=\"50 King St\" srcset=\"https:\/\/calet.uk\/wp-content\/uploads\/2020\/02\/IMG-20190817-WA0000-1024x576.jpg 1024w, https:\/\/calet.uk\/wp-content\/uploads\/2020\/02\/IMG-20190817-WA0000-600x338.jpg 600w, https:\/\/calet.uk\/wp-content\/uploads\/2020\/02\/IMG-20190817-WA0000-300x169.jpg 300w, https:\/\/calet.uk\/wp-content\/uploads\/2020\/02\/IMG-20190817-WA0000-768x432.jpg 768w, https:\/\/calet.uk\/wp-content\/uploads\/2020\/02\/IMG-20190817-WA0000-1536x864.jpg 1536w, https:\/\/calet.uk\/wp-content\/uploads\/2020\/02\/IMG-20190817-WA0000-255x143.jpg 255w, https:\/\/calet.uk\/wp-content\/uploads\/2020\/02\/IMG-20190817-WA0000.jpg 1600w\" sizes=\"(max-width: 1024px) 100vw, 1024px\" \/><\/a><\/div><div class=\"lvca-entry-text-wrap\"><h3 class=\"entry-title\"><a href=\"https:\/\/calet.uk\/fr\/full-width-post\/\" title=\"Cuisine \u00e9tudiante de luxe\" target=\"_blank\"\" rel=\"bookmark\">Cuisine \u00e9tudiante de luxe<\/a><\/h3><div class=\"lvca-entry-meta\"><span class=\"author vcard\">Par <a class=\"url fn n\" href=\"https:\/\/calet.uk\/fr\/author\/admin\/\" title=\"administrateur\">administrateur<\/a><\/span><span class=\"published\"><abbr title=\"samedi, mai, 2017, 10:50 am\">27 mai 2017<\/abbr><\/span><\/div><\/div><\/article><!-- .hentry --><\/div><\/div><!-- .lvca-portfolio --><\/div><!-- .lvca-portfolio-wrap --><\/div><\/div><\/div><\/div>\t\t\t\t\t<\/div>\n\t\t\t\t\t\t<\/div>\n\t\t\t\t<\/div>\n\t\t\t\t\t\t<\/div>\n\t\t\t\t\t<\/div>\n\t\t<\/div>\n\t\t\t\t\t\t\t\t<\/div>\n\t\t\t\t\t<\/div>\n\t\t<\/section>\n\t\t\t\t\t\t\t\t\t<\/div>\n\t\t\t<\/div>\n\t\t\t\t\t<\/div>","protected":false},"excerpt":{"rendered":"50 King Street, Treforest a \u00e9t\u00e9 achet\u00e9 et r\u00e9am\u00e9nag\u00e9 en juillet 2019. La maison a subi un r\u00e9am\u00e9nagement complet avec une cuisine d&#039;\u00e9tudiant de luxe, avec four SMEV, plaque de cuisson SMEV, sch\u00e9ma de couleur bleu d\u00e9lav\u00e9 avec \u00e9l\u00e9ments de cuisine de couleur cr\u00e8me. Beaucoup d&#039;espace de stockage et beaucoup de lumi\u00e8re naturelle provenant du puits de lumi\u00e8re du d\u00f4me.","protected":false},"author":1,"featured_media":0,"parent":0,"menu_order":0,"comment_status":"closed","ping_status":"closed","template":"","meta":{"om_disable_all_campaigns":false,"_monsterinsights_skip_tracking":false,"_monsterinsights_sitenote_active":false,"_monsterinsights_sitenote_note":"","_monsterinsights_sitenote_category":0,"footnotes":""},"class_list":["post-19139","page","type-page","status-publish","hentry"],"yoast_head":"<!-- This site is optimized with the Yoast SEO plugin v20.3 - https:\/\/yoast.com\/wordpress\/plugins\/seo\/ -->\n<title>Blog - Calet Student Property<\/title>\n<meta name=\"robots\" content=\"index, follow, max-snippet:-1, max-image-preview:large, max-video-preview:-1\" \/>\n<link rel=\"canonical\" href=\"https:\/\/calet.uk\/fr\/blog\/\" \/>\n<meta property=\"og:locale\" content=\"fr_FR\" \/>\n<meta property=\"og:type\" content=\"article\" \/>\n<meta property=\"og:title\" content=\"Blog - Calet Student Property\" \/>\n<meta property=\"og:url\" content=\"https:\/\/calet.uk\/fr\/blog\/\" \/>\n<meta property=\"og:site_name\" content=\"Calet Student Property\" \/>\n<meta property=\"article:modified_time\" content=\"2020-04-29T23:39:25+00:00\" \/>\n<meta name=\"twitter:card\" content=\"summary_large_image\" \/>\n<script type=\"application\/ld+json\" class=\"yoast-schema-graph\">{\"@context\":\"https:\/\/schema.org\",\"@graph\":[{\"@type\":\"WebPage\",\"@id\":\"https:\/\/calet.uk\/blog\/\",\"url\":\"https:\/\/calet.uk\/blog\/\",\"name\":\"Blog - Calet Student Property\",\"isPartOf\":{\"@id\":\"https:\/\/calet.uk\/#website\"},\"datePublished\":\"2020-04-29T16:01:46+00:00\",\"dateModified\":\"2020-04-29T23:39:25+00:00\",\"breadcrumb\":{\"@id\":\"https:\/\/calet.uk\/blog\/#breadcrumb\"},\"inLanguage\":\"fr-FR\",\"potentialAction\":[{\"@type\":\"ReadAction\",\"target\":[\"https:\/\/calet.uk\/blog\/\"]}]},{\"@type\":\"BreadcrumbList\",\"@id\":\"https:\/\/calet.uk\/blog\/#breadcrumb\",\"itemListElement\":[{\"@type\":\"ListItem\",\"position\":1,\"name\":\"Home\",\"item\":\"https:\/\/calet.uk\/\"},{\"@type\":\"ListItem\",\"position\":2,\"name\":\"Blog\"}]},{\"@type\":\"WebSite\",\"@id\":\"https:\/\/calet.uk\/#website\",\"url\":\"https:\/\/calet.uk\/\",\"name\":\"Calet Student Property\",\"description\":\"Calet Student Property\",\"potentialAction\":[{\"@type\":\"SearchAction\",\"target\":{\"@type\":\"EntryPoint\",\"urlTemplate\":\"https:\/\/calet.uk\/?s={search_term_string}\"},\"query-input\":\"required name=search_term_string\"}],\"inLanguage\":\"fr-FR\"}]}<\/script>\n<!-- \/ Yoast SEO plugin. -->","yoast_head_json":{"title":"Blog - Calet Student Property","robots":{"index":"index","follow":"follow","max-snippet":"max-snippet:-1","max-image-preview":"max-image-preview:large","max-video-preview":"max-video-preview:-1"},"canonical":"https:\/\/calet.uk\/fr\/blog\/","og_locale":"fr_FR","og_type":"article","og_title":"Blog - Calet Student Property","og_url":"https:\/\/calet.uk\/fr\/blog\/","og_site_name":"Calet Student Property","article_modified_time":"2020-04-29T23:39:25+00:00","twitter_card":"summary_large_image","schema":{"@context":"https:\/\/schema.org","@graph":[{"@type":"WebPage","@id":"https:\/\/calet.uk\/blog\/","url":"https:\/\/calet.uk\/blog\/","name":"Blog - Calet Student Property","isPartOf":{"@id":"https:\/\/calet.uk\/#website"},"datePublished":"2020-04-29T16:01:46+00:00","dateModified":"2020-04-29T23:39:25+00:00","breadcrumb":{"@id":"https:\/\/calet.uk\/blog\/#breadcrumb"},"inLanguage":"fr-FR","potentialAction":[{"@type":"ReadAction","target":["https:\/\/calet.uk\/blog\/"]}]},{"@type":"BreadcrumbList","@id":"https:\/\/calet.uk\/blog\/#breadcrumb","itemListElement":[{"@type":"ListItem","position":1,"name":"Home","item":"https:\/\/calet.uk\/"},{"@type":"ListItem","position":2,"name":"Blog"}]},{"@type":"WebSite","@id":"https:\/\/calet.uk\/#website","url":"https:\/\/calet.uk\/","name":"Calet Student Property","description":"Calet Student Property","potentialAction":[{"@type":"SearchAction","target":{"@type":"EntryPoint","urlTemplate":"https:\/\/calet.uk\/?s={search_term_string}"},"query-input":"required name=search_term_string"}],"inLanguage":"fr-FR"}]}},"_links":{"self":[{"href":"https:\/\/calet.uk\/fr\/wp-json\/wp\/v2\/pages\/19139","targetHints":{"allow":["GET"]}}],"collection":[{"href":"https:\/\/calet.uk\/fr\/wp-json\/wp\/v2\/pages"}],"about":[{"href":"https:\/\/calet.uk\/fr\/wp-json\/wp\/v2\/types\/page"}],"author":[{"embeddable":true,"href":"https:\/\/calet.uk\/fr\/wp-json\/wp\/v2\/users\/1"}],"replies":[{"embeddable":true,"href":"https:\/\/calet.uk\/fr\/wp-json\/wp\/v2\/comments?post=19139"}],"version-history":[{"count":0,"href":"https:\/\/calet.uk\/fr\/wp-json\/wp\/v2\/pages\/19139\/revisions"}],"wp:attachment":[{"href":"https:\/\/calet.uk\/fr\/wp-json\/wp\/v2\/media?parent=19139"}],"curies":[{"name":"wp","href":"https:\/\/api.w.org\/{rel}","templated":true}]}}