{"id":18735,"date":"2020-04-23T15:28:08","date_gmt":"2020-04-23T15:28:08","guid":{"rendered":"https:\/\/calet.uk\/?page_id=18735"},"modified":"2020-04-28T08:28:37","modified_gmt":"2020-04-28T08:28:37","slug":"testimonials","status":"publish","type":"page","link":"https:\/\/calet.uk\/fr\/temoignages\/","title":{"rendered":"T\u00e9moignages"},"content":{"rendered":"<div data-elementor-type=\"wp-page\" data-elementor-id=\"18735\" class=\"elementor elementor-18735\">\n\t\t\t\t\t\t<div class=\"elementor-inner\">\n\t\t\t\t<div class=\"elementor-section-wrap\">\n\t\t\t\t\t\t\t\t\t<section class=\"elementor-section elementor-top-section elementor-element elementor-element-723ba06 elementor-section-boxed elementor-section-height-default elementor-section-height-default\" data-id=\"723ba06\" data-element_type=\"section\">\n\t\t\t\t\t\t<div class=\"elementor-container elementor-column-gap-default\">\n\t\t\t\t\t\t\t<div class=\"elementor-row\">\n\t\t\t\t\t<div class=\"elementor-column elementor-col-100 elementor-top-column elementor-element elementor-element-22dc290\" data-id=\"22dc290\" data-element_type=\"column\">\n\t\t\t<div class=\"elementor-column-wrap elementor-element-populated\">\n\t\t\t\t\t\t\t<div class=\"elementor-widget-wrap\">\n\t\t\t\t\t\t<div class=\"elementor-element elementor-element-4b235dd elementor-button-success elementor-align-center elementor-widget elementor-widget-button\" data-id=\"4b235dd\" data-element_type=\"widget\" data-widget_type=\"button.default\">\n\t\t\t\t<div class=\"elementor-widget-container\">\n\t\t\t\t\t<div class=\"elementor-button-wrapper\">\n\t\t\t<a href=\"https:\/\/calet.uk\/fr\/formulaire-de-soumission-de-temoignage\/\" class=\"elementor-button-link elementor-button elementor-size-md elementor-animation-grow\" role=\"button\">\n\t\t\t\t\t\t<span class=\"elementor-button-content-wrapper\">\n\t\t\t\t\t\t\t<span class=\"elementor-button-icon elementor-align-icon-left\">\n\t\t\t\t<i aria-hidden=\"true\" class=\"fas fa-comment-dots\"><\/i>\t\t\t<\/span>\n\t\t\t\t\t\t<span class=\"elementor-button-text\">Ajoutez votre histoire<\/span>\n\t\t<\/span>\n\t\t\t\t\t<\/a>\n\t\t<\/div>\n\t\t\t\t<\/div>\n\t\t\t\t<\/div>\n\t\t\t\t\t\t<\/div>\n\t\t\t\t\t<\/div>\n\t\t<\/div>\n\t\t\t\t\t\t\t\t<\/div>\n\t\t\t\t\t<\/div>\n\t\t<\/section>\n\t\t\t\t<section class=\"elementor-section elementor-top-section elementor-element elementor-element-89739d1 elementor-section-boxed elementor-section-height-default elementor-section-height-default\" data-id=\"89739d1\" data-element_type=\"section\">\n\t\t\t\t\t\t<div class=\"elementor-container elementor-column-gap-default\">\n\t\t\t\t\t\t\t<div class=\"elementor-row\">\n\t\t\t\t\t<div class=\"elementor-column elementor-col-100 elementor-top-column elementor-element elementor-element-7b6e8c3\" data-id=\"7b6e8c3\" data-element_type=\"column\">\n\t\t\t<div class=\"elementor-column-wrap elementor-element-populated\">\n\t\t\t\t\t\t\t<div class=\"elementor-widget-wrap\">\n\t\t\t\t\t\t<div class=\"elementor-element elementor-element-4e874d8 elementor-widget elementor-widget-heading\" data-id=\"4e874d8\" data-element_type=\"widget\" data-widget_type=\"heading.default\">\n\t\t\t\t<div class=\"elementor-widget-container\">\n\t\t\t<h1 class=\"elementor-heading-title elementor-size-default\">Histoires de r\u00e9ussite de nos clients\n<\/h1>\t\t<\/div>\n\t\t\t\t<\/div>\n\t\t\t\t\t\t<\/div>\n\t\t\t\t\t<\/div>\n\t\t<\/div>\n\t\t\t\t\t\t\t\t<\/div>\n\t\t\t\t\t<\/div>\n\t\t<\/section>\n\t\t\t\t<section class=\"elementor-section elementor-top-section elementor-element elementor-element-75b90c9 elementor-section-boxed elementor-section-height-default elementor-section-height-default\" data-id=\"75b90c9\" data-element_type=\"section\">\n\t\t\t\t\t\t<div class=\"elementor-container elementor-column-gap-default\">\n\t\t\t\t\t\t\t<div class=\"elementor-row\">\n\t\t\t\t\t<div class=\"elementor-column elementor-col-100 elementor-top-column elementor-element elementor-element-1480a33\" data-id=\"1480a33\" data-element_type=\"column\">\n\t\t\t<div class=\"elementor-column-wrap elementor-element-populated\">\n\t\t\t\t\t\t\t<div class=\"elementor-widget-wrap\">\n\t\t\t\t\t\t<div class=\"elementor-element elementor-element-47ac990 elementor-widget elementor-widget-shortcode\" data-id=\"47ac990\" data-element_type=\"widget\" data-widget_type=\"shortcode.default\">\n\t\t\t\t<div class=\"elementor-widget-container\">\n\t\t\t\t\t<div class=\"elementor-shortcode\"><div id=\"ttshowcase_0\"><!-- Custom Styles for Grid Layout of Testimonials Showcase --><style type=\"text\/css\" scoped>#ttshowcase_0 .tt_theme_speech .ttshowcase_rl_quote_sided .ttshowcase_rl_quote, \n\t\t\t         \t#ttshowcase_0 .tt_theme_speech .ttshowcase_rl_quote_block .ttshowcase_rl_quote, \n\t\t\t         \t#ttshowcase_0 .tt_theme_speech .ttshowcase_rl_quote_sided .ttshowcase_rl_quote a, \n\t         \t\t\t#ttshowcase_0 .tt_theme_speech .ttshowcase_rl_quote_block .ttshowcase_rl_quote a\n\t\t\t    \t\t\t{\n\t\t\t\t\t\t\t\tbackground:#cedee2;\n\t\t\t\t\t\t\t\tcolor:#333333;\n\t\t\t\t\t\t\t}#ttshowcase_0 .tt_theme_speech .ttshowcase_rl_quote_block .ttshowcase_rl_quote:after,\n\t\t\t\t\t\t\t#ttshowcase_0 .tt_theme_speech .tt_quote_info-below .ttshowcase_rl_quote:after,\n\t\t\t\t\t\t\t#ttshowcase_0 .tt_theme_speech .tt_quote_info-above .ttshowcase_rl_quote:after\n\t\t\t\t\t\t\t {\n\t\t\t\t\t\t\t\tborder-color: #cedee2 transparent;\n\t\t\t\t\t\t\t}#ttshowcase_0 .tt_theme_speech .ttshowcase_rl_quote_sided .ttshowcase_rl_quote:after {\n\t\t\t\t\t\t\t\tborder-color: transparent #cedee2;\n\t\t\t\t\t\t\t}#ttshowcase_0 .tt_theme_speech .tt_info-left,\n\t\t\t\t\t\t\t#ttshowcase_0 .tt_theme_speech .tt_info-right\n\t\t\t\t\t\t\t {\n\t\t\t\t\t\t\t\twidth: 170px;\n\t\t\t\t\t\t\t}<\/style><div class=\"ttshowcase_wrap tt_theme_speech\"><div class=\"ttshowcase_rl_box tt_2cl tt_text_left\" id=\"tt18938\" ><div class=\"ttshowcase_rl_breed\"><div class=\"ttshowcase_rl_info_wrap tt_info-left\"><div class=\"ttshowcase_rl_image tt_img_round tt_img_white-border\"><img decoding=\"async\" src=\"https:\/\/calet.uk\/wp-content\/uploads\/2019\/05\/ADMIN.jpg\" width=\"150\"  height=\"99.6\" alt=\"\" class=\"ttshowcase_image\" \/><\/div><div class=\"ttshowcase_rl_aditional_info\"><div class=\"ttshowcase_rl_title reviewer\">chathura<\/div><div class=\"ttshowcase_rl_subtitle\"><a rel=\"noopener\" href=\"https:\/\/codecanyon.net\/item\/testimonials-showcase-wordpress-plugin\/6588139\" target=\"_blank\">QA<\/a><\/div><div class=\"ttshowcase_rating rating-foreground rating\"><span class=\"value-title\" title=\"4\"> <\/span> <i class=\"fa fa-star\"><\/i><i class=\"fa fa-star\"><\/i><i class=\"fa fa-star\"><\/i><i class=\"fa fa-star\"><\/i> <\/div><\/div><\/div><div class=\"tt_quote_info-left ttshowcase_rl_quote_sided\" ><div class=\"ttshowcase_rl_quote\"><p>Exemple de formulaire de soumission de t\u00e9moignage wordpress<\/p>\n<\/div><\/div><\/div><\/div><div class=\"ttshowcase_rl_box tt_2cl tt_text_left\" id=\"tt18946\" ><div class=\"ttshowcase_rl_breed\"><div class=\"ttshowcase_rl_info_wrap tt_info-left\"><div class=\"ttshowcase_rl_image tt_img_round tt_img_white-border\"><img decoding=\"async\" src=\"https:\/\/calet.uk\/wp-content\/uploads\/2020\/04\/0-02-05-3ba4eb2c8eedeeeb78dbf26844987abbe13376997a850e97d4ea50faabaafbbd_full-125x70.jpg\" width=\"150\"  height=\"84\" alt=\"\" class=\"ttshowcase_image\" \/><\/div><div class=\"ttshowcase_rl_aditional_info\"><div class=\"ttshowcase_rl_title reviewer\">Jerry<\/div><div class=\"ttshowcase_rl_subtitle\"><a rel=\"noopener\" href=\"http:\/\/jerry\" target=\"_blank\">\u00c9tudiant \u00e0 la ma\u00eetrise<\/a><\/div><div class=\"ttshowcase_rating rating-foreground rating\"><span class=\"value-title\" title=\"5\"> <\/span> <i class=\"fa fa-star\"><\/i><i class=\"fa fa-star\"><\/i><i class=\"fa fa-star\"><\/i><i class=\"fa fa-star\"><\/i><i class=\"fa fa-star\"><\/i> <\/div><\/div><\/div><div class=\"tt_quote_info-left ttshowcase_rl_quote_sided\" ><div class=\"ttshowcase_rl_quote\"><p>Great House, fantastique propri\u00e9taire, un soutien complet chaque fois qu&#039;il y avait un probl\u00e8me et vraiment un plaisir.<\/p>\n<\/div><\/div><\/div><\/div><\/div><\/div><!-- Closing Wrap Div for ttshowcase_0 --><\/div>\n\t\t\t\t<\/div>\n\t\t\t\t<\/div>\n\t\t\t\t\t\t<\/div>\n\t\t\t\t\t<\/div>\n\t\t<\/div>\n\t\t\t\t\t\t\t\t<\/div>\n\t\t\t\t\t<\/div>\n\t\t<\/section>\n\t\t\t\t\t\t\t\t\t<\/div>\n\t\t\t<\/div>\n\t\t\t\t\t<\/div>","protected":false},"excerpt":{"rendered":"<p>Add Your Story Our Clients&#8217; Success Stories<\/p>","protected":false},"author":1,"featured_media":0,"parent":0,"menu_order":0,"comment_status":"closed","ping_status":"closed","template":"","meta":{"om_disable_all_campaigns":false,"_monsterinsights_skip_tracking":false,"_monsterinsights_sitenote_active":false,"_monsterinsights_sitenote_note":"","_monsterinsights_sitenote_category":0,"footnotes":""},"class_list":["post-18735","page","type-page","status-publish","hentry"],"yoast_head":"<!-- This site is optimized with the Yoast SEO plugin v20.3 - https:\/\/yoast.com\/wordpress\/plugins\/seo\/ -->\n<title>Testimonials - Calet Student Property<\/title>\n<meta name=\"robots\" content=\"index, follow, max-snippet:-1, max-image-preview:large, max-video-preview:-1\" \/>\n<link rel=\"canonical\" href=\"https:\/\/calet.uk\/fr\/temoignages\/\" \/>\n<meta property=\"og:locale\" content=\"fr_FR\" \/>\n<meta property=\"og:type\" content=\"article\" \/>\n<meta property=\"og:title\" content=\"Testimonials - Calet Student Property\" \/>\n<meta property=\"og:description\" content=\"Add Your Story Our Clients&#8217; Success Stories\" \/>\n<meta property=\"og:url\" content=\"https:\/\/calet.uk\/fr\/temoignages\/\" \/>\n<meta property=\"og:site_name\" content=\"Calet Student Property\" \/>\n<meta property=\"article:modified_time\" content=\"2020-04-28T08:28:37+00:00\" \/>\n<meta name=\"twitter:card\" content=\"summary_large_image\" \/>\n<script type=\"application\/ld+json\" class=\"yoast-schema-graph\">{\"@context\":\"https:\/\/schema.org\",\"@graph\":[{\"@type\":\"WebPage\",\"@id\":\"https:\/\/calet.uk\/testimonials\/\",\"url\":\"https:\/\/calet.uk\/testimonials\/\",\"name\":\"Testimonials - Calet Student Property\",\"isPartOf\":{\"@id\":\"https:\/\/calet.uk\/#website\"},\"datePublished\":\"2020-04-23T15:28:08+00:00\",\"dateModified\":\"2020-04-28T08:28:37+00:00\",\"breadcrumb\":{\"@id\":\"https:\/\/calet.uk\/testimonials\/#breadcrumb\"},\"inLanguage\":\"fr-FR\",\"potentialAction\":[{\"@type\":\"ReadAction\",\"target\":[\"https:\/\/calet.uk\/testimonials\/\"]}]},{\"@type\":\"BreadcrumbList\",\"@id\":\"https:\/\/calet.uk\/testimonials\/#breadcrumb\",\"itemListElement\":[{\"@type\":\"ListItem\",\"position\":1,\"name\":\"Home\",\"item\":\"https:\/\/calet.uk\/\"},{\"@type\":\"ListItem\",\"position\":2,\"name\":\"Testimonials\"}]},{\"@type\":\"WebSite\",\"@id\":\"https:\/\/calet.uk\/#website\",\"url\":\"https:\/\/calet.uk\/\",\"name\":\"Calet Student Property\",\"description\":\"Calet Student Property\",\"potentialAction\":[{\"@type\":\"SearchAction\",\"target\":{\"@type\":\"EntryPoint\",\"urlTemplate\":\"https:\/\/calet.uk\/?s={search_term_string}\"},\"query-input\":\"required name=search_term_string\"}],\"inLanguage\":\"fr-FR\"}]}<\/script>\n<!-- \/ Yoast SEO plugin. -->","yoast_head_json":{"title":"Testimonials - Calet Student Property","robots":{"index":"index","follow":"follow","max-snippet":"max-snippet:-1","max-image-preview":"max-image-preview:large","max-video-preview":"max-video-preview:-1"},"canonical":"https:\/\/calet.uk\/fr\/temoignages\/","og_locale":"fr_FR","og_type":"article","og_title":"Testimonials - Calet Student Property","og_description":"Add Your Story Our Clients&#8217; Success Stories","og_url":"https:\/\/calet.uk\/fr\/temoignages\/","og_site_name":"Calet Student Property","article_modified_time":"2020-04-28T08:28:37+00:00","twitter_card":"summary_large_image","schema":{"@context":"https:\/\/schema.org","@graph":[{"@type":"WebPage","@id":"https:\/\/calet.uk\/testimonials\/","url":"https:\/\/calet.uk\/testimonials\/","name":"Testimonials - Calet Student Property","isPartOf":{"@id":"https:\/\/calet.uk\/#website"},"datePublished":"2020-04-23T15:28:08+00:00","dateModified":"2020-04-28T08:28:37+00:00","breadcrumb":{"@id":"https:\/\/calet.uk\/testimonials\/#breadcrumb"},"inLanguage":"fr-FR","potentialAction":[{"@type":"ReadAction","target":["https:\/\/calet.uk\/testimonials\/"]}]},{"@type":"BreadcrumbList","@id":"https:\/\/calet.uk\/testimonials\/#breadcrumb","itemListElement":[{"@type":"ListItem","position":1,"name":"Home","item":"https:\/\/calet.uk\/"},{"@type":"ListItem","position":2,"name":"Testimonials"}]},{"@type":"WebSite","@id":"https:\/\/calet.uk\/#website","url":"https:\/\/calet.uk\/","name":"Calet Student Property","description":"Calet Student Property","potentialAction":[{"@type":"SearchAction","target":{"@type":"EntryPoint","urlTemplate":"https:\/\/calet.uk\/?s={search_term_string}"},"query-input":"required name=search_term_string"}],"inLanguage":"fr-FR"}]}},"_links":{"self":[{"href":"https:\/\/calet.uk\/fr\/wp-json\/wp\/v2\/pages\/18735","targetHints":{"allow":["GET"]}}],"collection":[{"href":"https:\/\/calet.uk\/fr\/wp-json\/wp\/v2\/pages"}],"about":[{"href":"https:\/\/calet.uk\/fr\/wp-json\/wp\/v2\/types\/page"}],"author":[{"embeddable":true,"href":"https:\/\/calet.uk\/fr\/wp-json\/wp\/v2\/users\/1"}],"replies":[{"embeddable":true,"href":"https:\/\/calet.uk\/fr\/wp-json\/wp\/v2\/comments?post=18735"}],"version-history":[{"count":0,"href":"https:\/\/calet.uk\/fr\/wp-json\/wp\/v2\/pages\/18735\/revisions"}],"wp:attachment":[{"href":"https:\/\/calet.uk\/fr\/wp-json\/wp\/v2\/media?parent=18735"}],"curies":[{"name":"wp","href":"https:\/\/api.w.org\/{rel}","templated":true}]}}