{"id":18537,"date":"2019-05-07T17:30:49","date_gmt":"2019-05-07T17:30:49","guid":{"rendered":"https:\/\/calet.uk\/?page_id=18537"},"modified":"2019-05-11T13:36:04","modified_gmt":"2019-05-11T13:36:04","slug":"features","status":"publish","type":"page","link":"https:\/\/calet.uk\/fr\/traits\/","title":{"rendered":"Caract\u00e9ristiques"},"content":{"rendered":"<div data-vc-full-width=\"true\" data-vc-full-width-init=\"false\" class=\"vc_row wpb_row vc_row-fluid vc_custom_1557247913154 vc_row\"><div class=\"wpb_column vc_column_container vc_col-sm-12 vc_column\" id=\"about-us-slide-show\"><div class=\"vc_column-inner\"><div class=\"wpb_wrapper\">\n\t<div class=\"wpb_text_column wpb_content_element  vc_custom_1557578958862 vc_column_text\" id=\"about-page-title\">\n\t\t<div class=\"wpb_wrapper\">\n\t\t\t<h2 style=\"text-align: center;\">Maison \u00e9tudiante moderne, enti\u00e8rement \u00e9quip\u00e9e avec machines \u00e0 laver, s\u00e8che-linge, haut d\u00e9bit en fibre, prises USB dans toutes les chambres et aliment\u00e9e par l&#039;\u00e9nergie renouvelable 100%<\/h2>\n\n\t\t<\/div>\n\t<\/div>\n[ultimate_carousel slides_on_desk=&#8221;3&#8243; slides_on_tabs=&#8221;2&#8243; slides_on_mob=&#8221;1&#8243; autoplay_speed=&#8221;6000&#8243; arrows=&#8221;off&#8221; dots_color=&#8221;#00ff99&#8243; dots_icon=&#8221;ultsl-radio-checked&#8221;]\n\t<div  class=\"wpb_single_image wpb_content_element vc_align_center  vc_single_image\">\n\t\t\n\t\t<figure class=\"wpb_wrapper vc_figure\">\n\t\t\t<div class=\"vc_single_image-wrapper   vc_box_border_grey\"><img decoding=\"async\" class=\"vc_single_image-img\" src=\"https:\/\/calet.uk\/wp-content\/uploads\/2019\/05\/ADMIN-365x243.jpg\" width=\"365\" height=\"243\" alt=\"ADMIN\" title=\"ADMIN\" \/><\/div>\n\t\t<\/figure>\n\t<\/div>\n\n\t<div  class=\"wpb_single_image wpb_content_element vc_align_center  vc_single_image\">\n\t\t\n\t\t<figure class=\"wpb_wrapper vc_figure\">\n\t\t\t<div class=\"vc_single_image-wrapper   vc_box_border_grey\"><img decoding=\"async\" class=\"vc_single_image-img\" src=\"https:\/\/calet.uk\/wp-content\/uploads\/2019\/05\/STUDY2-365x243.jpg\" width=\"365\" height=\"243\" alt=\"\u00c9TUDE2\" title=\"\u00c9TUDE2\" \/><\/div>\n\t\t<\/figure>\n\t<\/div>\n\n\t<div  class=\"wpb_single_image wpb_content_element vc_align_center  vc_single_image\">\n\t\t\n\t\t<figure class=\"wpb_wrapper vc_figure\">\n\t\t\t<div class=\"vc_single_image-wrapper   vc_box_border_grey\"><img decoding=\"async\" class=\"vc_single_image-img\" src=\"https:\/\/calet.uk\/wp-content\/uploads\/2019\/05\/STUDY-365x243.jpg\" width=\"365\" height=\"243\" alt=\"\u00c9TUDE\" title=\"\u00c9TUDE\" \/><\/div>\n\t\t<\/figure>\n\t<\/div>\n\n\t<div  class=\"wpb_single_image wpb_content_element vc_align_center  vc_single_image\">\n\t\t\n\t\t<figure class=\"wpb_wrapper vc_figure\">\n\t\t\t<div class=\"vc_single_image-wrapper   vc_box_border_grey\"><img decoding=\"async\" class=\"vc_single_image-img\" src=\"https:\/\/calet.uk\/wp-content\/uploads\/2019\/05\/STUDENTS-365x243.jpg\" width=\"365\" height=\"243\" alt=\"\u00c9TUDIANTS\" title=\"\u00c9TUDIANTS\" \/><\/div>\n\t\t<\/figure>\n\t<\/div>\n\n\t<div  class=\"wpb_single_image wpb_content_element vc_align_center  vc_single_image\">\n\t\t\n\t\t<figure class=\"wpb_wrapper vc_figure\">\n\t\t\t<div class=\"vc_single_image-wrapper   vc_box_border_grey\"><img decoding=\"async\" class=\"vc_single_image-img\" src=\"https:\/\/calet.uk\/wp-content\/uploads\/2019\/05\/STRATEGY-365x243.jpg\" width=\"365\" height=\"243\" alt=\"STRAT\u00c9GIE\" title=\"STRAT\u00c9GIE\" \/><\/div>\n\t\t<\/figure>\n\t<\/div>\n\n\t<div  class=\"wpb_single_image wpb_content_element vc_align_center  vc_single_image\">\n\t\t\n\t\t<figure class=\"wpb_wrapper vc_figure\">\n\t\t\t<div class=\"vc_single_image-wrapper   vc_box_border_grey\"><img decoding=\"async\" class=\"vc_single_image-img\" src=\"https:\/\/calet.uk\/wp-content\/uploads\/2019\/05\/PEOPLE-365x243.jpg\" width=\"365\" height=\"243\" alt=\"GENS\" title=\"GENS\" \/><\/div>\n\t\t<\/figure>\n\t<\/div>\n\n\t<div  class=\"wpb_single_image wpb_content_element vc_align_center  vc_single_image\">\n\t\t\n\t\t<figure class=\"wpb_wrapper vc_figure\">\n\t\t\t<div class=\"vc_single_image-wrapper   vc_box_border_grey\"><img decoding=\"async\" class=\"vc_single_image-img\" src=\"https:\/\/calet.uk\/wp-content\/uploads\/2019\/05\/PAINT-DEC-365x243.jpg\" width=\"365\" height=\"243\" alt=\"PAINT-DEC\" title=\"PAINT-DEC\" \/><\/div>\n\t\t<\/figure>\n\t<\/div>\n\n\t<div  class=\"wpb_single_image wpb_content_element vc_align_center  vc_single_image\">\n\t\t\n\t\t<figure class=\"wpb_wrapper vc_figure\">\n\t\t\t<div class=\"vc_single_image-wrapper   vc_box_border_grey\"><img decoding=\"async\" class=\"vc_single_image-img\" src=\"https:\/\/calet.uk\/wp-content\/uploads\/2019\/05\/FLOOR-365x243.jpg\" width=\"365\" height=\"243\" alt=\"SOL\" title=\"SOL\" \/><\/div>\n\t\t<\/figure>\n\t<\/div>\n[\/ultimate_carousel]<\/div><\/div><\/div><\/div><div class=\"vc_row-full-width vc_clearfix\"><\/div><div data-vc-full-width=\"true\" data-vc-full-width-init=\"false\" class=\"vc_row wpb_row vc_row-fluid services_icon vc_custom_1557248370897 vc_row-has-fill vc_row\"><div class=\"wpb_column vc_column_container vc_col-sm-12 vc_column\"><div class=\"vc_column-inner\"><div class=\"wpb_wrapper\">\n\t<div class=\"wpb_text_column wpb_content_element  vc_column_text\" id=\"about-page-title\">\n\t\t<div class=\"wpb_wrapper\">\n\t\t\t<h2 style=\"text-align: center;\">Pas de frais d&#039;agence, directement avec le propri\u00e9taire<\/h2>\n\n\t\t<\/div>\n\t<\/div>\n\n\t<div class=\"wpb_text_column wpb_content_element  vc_column_text\" id=\"about-services-up-content\">\n\t\t<div class=\"wpb_wrapper\">\n\t\t\t<p style=\"text-align: center;\">Une \u00e9quipe locale professionnelle et transparente avec plusieurs ann\u00e9es d&#039;exp\u00e9rience. Vous traitez directement avec le propri\u00e9taire et le propri\u00e9taire. Avec une \u00e9quipe de gestion professionnelle pour aider \u00e0 r\u00e9soudre tous les probl\u00e8mes de maintenance.<\/p>\n\n\t\t<\/div>\n\t<\/div>\n<div id=\"lvca-services69de6fe62a791\" data-settings='{&quot;per_line&quot;:&quot;3&quot;,&quot;per_line_tablet&quot;:&quot;2&quot;,&quot;per_line_mobile&quot;:&quot;1&quot;,&quot;style&quot;:&quot;style1&quot;,&quot;icon_size&quot;:&quot;&quot;,&quot;icon_color&quot;:&quot;#c8c8c8&quot;,&quot;hover_color&quot;:&quot;&quot;}' class=\"lvca-services lvca-style1 lvca-grid-container  lvca-grid-desktop-3 lvca-grid-tablet-2 lvca-grid-mobile-1\"><div class=\"lvca-grid-item lvca-service-wrapper\"><div class=\"lvca-service\" ><div class=\"lvca-image-wrapper\"><img decoding=\"async\" width=\"87\" height=\"77\" src=\"https:\/\/calet.uk\/wp-content\/uploads\/2019\/05\/EASY-SET-UP.jpg\" class=\"lvca-image full\" alt=\"\" \/><\/div><div class=\"lvca-service-text\"><h3 class=\"lvca-title\">100% \u00c9nergie renouvelable<\/h3><div class=\"lvca-service-details\">Maisons aliment\u00e9es par l&#039;\u00e9nergie renouvelable 100%. Prises USB dans toutes les chambres, le loyer comprend Internet par fibre optique. Id\u00e9al pour votre poche et aide \u00e0 sauver la plan\u00e8te.<\/div><\/div><\/div><\/div><div class=\"lvca-grid-item lvca-service-wrapper\"><div class=\"lvca-service\" ><div class=\"lvca-image-wrapper\"><img decoding=\"async\" width=\"124\" height=\"95\" src=\"https:\/\/calet.uk\/wp-content\/uploads\/2019\/05\/SCALABLE.jpg\" class=\"lvca-image full\" alt=\"\" \/><\/div><div class=\"lvca-service-text\"><h3 class=\"lvca-title\">\u00c9quipe talentueuse<\/h3><div class=\"lvca-service-details\">\u00c9quipe talentueuse avec un flair pour le design et la fonctionnalit\u00e9. Charpentiers, plombiers, constructeurs, peintres et d\u00e9corateurs. Sauvegard\u00e9 avec un excellent administrateur et support.<\/div><\/div><\/div><\/div><div class=\"lvca-grid-item lvca-service-wrapper\"><div class=\"lvca-service\" ><div class=\"lvca-image-wrapper\"><img decoding=\"async\" width=\"81\" height=\"87\" src=\"https:\/\/calet.uk\/wp-content\/uploads\/2019\/05\/TOP-TALENT.jpg\" class=\"lvca-image full\" alt=\"\" \/><\/div><div class=\"lvca-service-text\"><h3 class=\"lvca-title\">Id\u00e9al pour les \u00e9tudiants<\/h3><div class=\"lvca-service-details\">Maisons confortables, enti\u00e8rement \u00e9quip\u00e9es pour \u00e9tudier \u00e0 l&#039;Universit\u00e9 de Galles du Sud. Pr\u00e8s des magasins locaux, supermarch\u00e9s, gare ferroviaire et routi\u00e8re.<\/div><\/div><\/div><\/div><div class=\"lvca-grid-item lvca-service-wrapper\"><div class=\"lvca-service\" ><div class=\"lvca-image-wrapper\"><img decoding=\"async\" width=\"96\" height=\"73\" src=\"https:\/\/calet.uk\/wp-content\/uploads\/2019\/05\/TIME-ZONE.jpg\" class=\"lvca-image full\" alt=\"\" \/><\/div><div class=\"lvca-service-text\"><h3 class=\"lvca-title\">Fibre large bande, prises USB<\/h3><div class=\"lvca-service-details\">Fibre large bande, prises USB, \u00e9nergie renouvelable 100%, chaudi\u00e8res modernes avec commandes programmables<\/div><\/div><\/div><\/div><div class=\"lvca-grid-item lvca-service-wrapper\"><div class=\"lvca-service\" ><div class=\"lvca-image-wrapper\"><img decoding=\"async\" width=\"75\" height=\"91\" src=\"https:\/\/calet.uk\/wp-content\/uploads\/2019\/05\/INFRASTRUCTURE.jpg\" class=\"lvca-image full\" alt=\"\" \/><\/div><div class=\"lvca-service-text\"><h3 class=\"lvca-title\">Lits doubles avec chambres doubles<\/h3><div class=\"lvca-service-details\">Grands lits doubles avec chambres doubles, des chambres simples sont \u00e9galement disponibles<\/div><\/div><\/div><\/div><div class=\"lvca-grid-item lvca-service-wrapper\"><div class=\"lvca-service\" ><div class=\"lvca-image-wrapper\"><img decoding=\"async\" width=\"94\" height=\"90\" src=\"https:\/\/calet.uk\/wp-content\/uploads\/2019\/05\/CULTURE.png\" class=\"lvca-image full\" alt=\"\" \/><\/div><div class=\"lvca-service-text\"><h3 class=\"lvca-title\">Quels sont les groupes d&#039;applications<\/h3><div class=\"lvca-service-details\">Nous utilisons Whats App Groups pour g\u00e9rer les maisons. Facile \u00e0 signaler tout probl\u00e8me avec photo et vid\u00e9o, transparence et soultions rapides.<\/div><\/div><\/div><\/div><\/div><\/div><\/div><\/div><\/div><div class=\"vc_row-full-width vc_clearfix\"><\/div>","protected":false},"excerpt":{"rendered":"Modern Student House's, fully equipped with Washing machines, Tumble Driers, Fibre Broadband, USB Sockets in all Bedrooms and powered by 100% Renewable Energy [ultimate_carousel slides_on_desk=\"3\" slides_on_tabs=\"2\" slides_on_mob=\"1\" autoplay_speed=\"6000\" arrows=\"off\" dots_color=\"#00ff99\" dots_icon=\"ultsl-radio-checked\"] [\/ultimate_carousel] No Agency Fees, Direct with the Landlord A professional, transparent local team with several years of experience. You deal directly with the Owner and Landlord. Along with a professional management team to ...","protected":false},"author":1,"featured_media":0,"parent":0,"menu_order":0,"comment_status":"closed","ping_status":"closed","template":"","meta":{"om_disable_all_campaigns":false,"_monsterinsights_skip_tracking":false,"_monsterinsights_sitenote_active":false,"_monsterinsights_sitenote_note":"","_monsterinsights_sitenote_category":0,"footnotes":""},"class_list":["post-18537","page","type-page","status-publish","hentry"],"yoast_head":"<!-- This site is optimized with the Yoast SEO plugin v20.3 - https:\/\/yoast.com\/wordpress\/plugins\/seo\/ -->\n<title>Features - Calet Student Property<\/title>\n<meta name=\"robots\" content=\"index, follow, max-snippet:-1, max-image-preview:large, max-video-preview:-1\" \/>\n<link rel=\"canonical\" href=\"https:\/\/calet.uk\/fr\/traits\/\" \/>\n<meta property=\"og:locale\" content=\"fr_FR\" \/>\n<meta property=\"og:type\" content=\"article\" \/>\n<meta property=\"og:title\" content=\"Features - Calet Student Property\" \/>\n<meta property=\"og:url\" content=\"https:\/\/calet.uk\/fr\/traits\/\" \/>\n<meta property=\"og:site_name\" content=\"Calet Student Property\" \/>\n<meta property=\"article:modified_time\" content=\"2019-05-11T13:36:04+00:00\" \/>\n<meta name=\"twitter:card\" content=\"summary_large_image\" \/>\n<meta name=\"twitter:label1\" content=\"Dur\u00e9e de lecture estim\u00e9e\" \/>\n\t<meta name=\"twitter:data1\" content=\"2 minutes\" \/>\n<script type=\"application\/ld+json\" class=\"yoast-schema-graph\">{\"@context\":\"https:\/\/schema.org\",\"@graph\":[{\"@type\":\"WebPage\",\"@id\":\"https:\/\/calet.uk\/features\/\",\"url\":\"https:\/\/calet.uk\/features\/\",\"name\":\"Features - Calet Student Property\",\"isPartOf\":{\"@id\":\"https:\/\/calet.uk\/#website\"},\"datePublished\":\"2019-05-07T17:30:49+00:00\",\"dateModified\":\"2019-05-11T13:36:04+00:00\",\"breadcrumb\":{\"@id\":\"https:\/\/calet.uk\/features\/#breadcrumb\"},\"inLanguage\":\"fr-FR\",\"potentialAction\":[{\"@type\":\"ReadAction\",\"target\":[\"https:\/\/calet.uk\/features\/\"]}]},{\"@type\":\"BreadcrumbList\",\"@id\":\"https:\/\/calet.uk\/features\/#breadcrumb\",\"itemListElement\":[{\"@type\":\"ListItem\",\"position\":1,\"name\":\"Home\",\"item\":\"https:\/\/calet.uk\/\"},{\"@type\":\"ListItem\",\"position\":2,\"name\":\"Features\"}]},{\"@type\":\"WebSite\",\"@id\":\"https:\/\/calet.uk\/#website\",\"url\":\"https:\/\/calet.uk\/\",\"name\":\"Calet Student Property\",\"description\":\"Calet Student Property\",\"potentialAction\":[{\"@type\":\"SearchAction\",\"target\":{\"@type\":\"EntryPoint\",\"urlTemplate\":\"https:\/\/calet.uk\/?s={search_term_string}\"},\"query-input\":\"required name=search_term_string\"}],\"inLanguage\":\"fr-FR\"}]}<\/script>\n<!-- \/ Yoast SEO plugin. -->","yoast_head_json":{"title":"Features - Calet Student Property","robots":{"index":"index","follow":"follow","max-snippet":"max-snippet:-1","max-image-preview":"max-image-preview:large","max-video-preview":"max-video-preview:-1"},"canonical":"https:\/\/calet.uk\/fr\/traits\/","og_locale":"fr_FR","og_type":"article","og_title":"Features - Calet Student Property","og_url":"https:\/\/calet.uk\/fr\/traits\/","og_site_name":"Calet Student Property","article_modified_time":"2019-05-11T13:36:04+00:00","twitter_card":"summary_large_image","twitter_misc":{"Dur\u00e9e de lecture estim\u00e9e":"2 minutes"},"schema":{"@context":"https:\/\/schema.org","@graph":[{"@type":"WebPage","@id":"https:\/\/calet.uk\/features\/","url":"https:\/\/calet.uk\/features\/","name":"Features - Calet Student Property","isPartOf":{"@id":"https:\/\/calet.uk\/#website"},"datePublished":"2019-05-07T17:30:49+00:00","dateModified":"2019-05-11T13:36:04+00:00","breadcrumb":{"@id":"https:\/\/calet.uk\/features\/#breadcrumb"},"inLanguage":"fr-FR","potentialAction":[{"@type":"ReadAction","target":["https:\/\/calet.uk\/features\/"]}]},{"@type":"BreadcrumbList","@id":"https:\/\/calet.uk\/features\/#breadcrumb","itemListElement":[{"@type":"ListItem","position":1,"name":"Home","item":"https:\/\/calet.uk\/"},{"@type":"ListItem","position":2,"name":"Features"}]},{"@type":"WebSite","@id":"https:\/\/calet.uk\/#website","url":"https:\/\/calet.uk\/","name":"Calet Student Property","description":"Calet Student Property","potentialAction":[{"@type":"SearchAction","target":{"@type":"EntryPoint","urlTemplate":"https:\/\/calet.uk\/?s={search_term_string}"},"query-input":"required name=search_term_string"}],"inLanguage":"fr-FR"}]}},"_links":{"self":[{"href":"https:\/\/calet.uk\/fr\/wp-json\/wp\/v2\/pages\/18537","targetHints":{"allow":["GET"]}}],"collection":[{"href":"https:\/\/calet.uk\/fr\/wp-json\/wp\/v2\/pages"}],"about":[{"href":"https:\/\/calet.uk\/fr\/wp-json\/wp\/v2\/types\/page"}],"author":[{"embeddable":true,"href":"https:\/\/calet.uk\/fr\/wp-json\/wp\/v2\/users\/1"}],"replies":[{"embeddable":true,"href":"https:\/\/calet.uk\/fr\/wp-json\/wp\/v2\/comments?post=18537"}],"version-history":[{"count":0,"href":"https:\/\/calet.uk\/fr\/wp-json\/wp\/v2\/pages\/18537\/revisions"}],"wp:attachment":[{"href":"https:\/\/calet.uk\/fr\/wp-json\/wp\/v2\/media?parent=18537"}],"curies":[{"name":"wp","href":"https:\/\/api.w.org\/{rel}","templated":true}]}}