{"id":19139,"date":"2020-04-29T16:01:46","date_gmt":"2020-04-29T16:01:46","guid":{"rendered":"https:\/\/calet.uk\/?page_id=19139"},"modified":"2020-04-29T23:39:25","modified_gmt":"2020-04-29T23:39:25","slug":"blog","status":"publish","type":"page","link":"https:\/\/calet.uk\/es\/blog\/","title":{"rendered":"Blog"},"content":{"rendered":"<div data-elementor-type=\"wp-page\" data-elementor-id=\"19139\" class=\"elementor elementor-19139\">\n\t\t\t\t\t\t<div class=\"elementor-inner\">\n\t\t\t\t<div class=\"elementor-section-wrap\">\n\t\t\t\t\t\t\t\t\t<section class=\"elementor-section elementor-top-section elementor-element elementor-element-7e43395a elementor-section-boxed elementor-section-height-default elementor-section-height-default\" data-id=\"7e43395a\" data-element_type=\"section\">\n\t\t\t\t\t\t<div class=\"elementor-container elementor-column-gap-default\">\n\t\t\t\t\t\t\t<div class=\"elementor-row\">\n\t\t\t\t\t<div class=\"elementor-column elementor-col-100 elementor-top-column elementor-element elementor-element-45b9026d\" data-id=\"45b9026d\" data-element_type=\"column\">\n\t\t\t<div class=\"elementor-column-wrap elementor-element-populated\">\n\t\t\t\t\t\t\t<div class=\"elementor-widget-wrap\">\n\t\t\t\t\t\t<div class=\"elementor-element elementor-element-44899541 elementor-widget elementor-widget-text-editor\" data-id=\"44899541\" data-element_type=\"widget\" data-widget_type=\"text-editor.default\">\n\t\t\t\t<div class=\"elementor-widget-container\">\n\t\t\t\t\t\t\t\t<div class=\"elementor-text-editor elementor-clearfix\">\n\t\t\t\t<h4><strong><a href=\"https:\/\/calet.uk\/es\/nueva-publicacion\/\" target=\"_blank\" rel=\"noopener noreferrer\">A\u00f1adir nueva publicaci\u00f3n<\/a><\/strong><\/h4><div class=\"vc_row wpb_row vc_row-fluid vc_row\"><div class=\"wpb_column vc_column_container vc_col-sm-12 vc_column\"><div class=\"vc_column-inner\"><div class=\"wpb_wrapper\"><div class=\"lvca-portfolio-wrap lvca-gapless-grid\"><div class=\"lvca-portfolio-header  lvca-no-heading\"><div class=\"lvca-taxonomy-filter\"><div class=\"lvca-filter-item segment-0 lvca-active\"><a data-value=\"*\" href=\"#\">All<\/a><\/div><div class=\"lvca-filter-item segment-1\"><a href=\"#\" data-value=\".term-84\" title=\"View all items filed under Student Property Treforest\">Propiedad Estudiantil Treforest<\/a><\/div><div class=\"lvca-filter-item segment-2\"><a href=\"#\" data-value=\".term-4\" title=\"View all items filed under Student Tips\">Consejos para estudiantes<\/a><\/div><div class=\"lvca-filter-item segment-3\"><a href=\"#\" data-value=\".term-1\" title=\"View all items filed under Uncategorized\">Sin categorizar<\/a><\/div><\/div><\/div><div id=\"lvca-portfolio-69de38249b0f9\"\n                     class=\"lvca-portfolio js-isotope lvca-fitRows lvca-grid-container  lvca-grid-desktop-2 lvca-grid-tablet-2 lvca-grid-mobile-1\"\n                     data-gutter=\"20\"\n                     data-tablet_gutter=\"10\"\n                     data-tablet_width=\"800\"\n                     data-mobile_gutter=\"10\"\n                     data-mobile_width=\"480\"\n                     data-isotope-options='{ \"itemSelector\": \".lvca-portfolio-item\", \"layoutMode\": \"fitRows\" }'><div data-id=\"id-19171\" class=\"lvca-grid-item lvca-portfolio-item  term-4 term-1\"><article id=\"post-19171\" class=\"post-19171 post type-post status-publish format-standard has-post-thumbnail hentry category-student-tips category-uncategorized\"><div class=\"lvca-project-image\"><a href=\" https:\/\/calet.uk\/es\/despertar-yoga-40-min-yoga-practica\/\" target=\"_blank\"><img decoding=\"async\" width=\"300\" height=\"168\" src=\"https:\/\/calet.uk\/wp-content\/uploads\/2020\/04\/adrienne2.jpeg\" data-pretty=\"prettyPhoto\" title=\"Cocina de lujo para estudiantes\" class=\"attachment-large size-large wp-post-image\" alt=\"Estudiante de yoga\" srcset=\"https:\/\/calet.uk\/wp-content\/uploads\/2020\/04\/adrienne2.jpeg 300w, https:\/\/calet.uk\/wp-content\/uploads\/2020\/04\/adrienne2-125x70.jpeg 125w, https:\/\/calet.uk\/wp-content\/uploads\/2020\/04\/adrienne2-75x42.jpeg 75w, https:\/\/calet.uk\/wp-content\/uploads\/2020\/04\/adrienne2-255x143.jpeg 255w\" sizes=\"(max-width: 300px) 100vw, 300px\" \/><\/a><\/div><div class=\"lvca-entry-text-wrap\"><h3 class=\"entry-title\"><a href=\"https:\/\/calet.uk\/es\/despertar-yoga-40-min-yoga-practica\/\" title=\"Awaken Yoga: pr\u00e1ctica de yoga de 40 minutos\" target=\"_blank\"\" rel=\"bookmark\">Awaken Yoga: pr\u00e1ctica de yoga de 40 minutos<\/a><\/h3><div class=\"lvca-entry-meta\"><span class=\"author vcard\">Por <a class=\"url fn n\" href=\"https:\/\/calet.uk\/es\/author\/admin\/\" title=\"administraci\u00f3n\">administraci\u00f3n<\/a><\/span><span class=\"published\"><abbr title=\"jueves, abril, 2020, 8:25 am\">30 de abril de 2020<\/abbr><\/span><\/div><\/div><\/article><!-- .hentry --><\/div><div data-id=\"id-19151\" class=\"lvca-grid-item lvca-portfolio-item  term-4 term-1\"><article id=\"post-19151\" class=\"post-19151 post type-post status-publish format-standard has-post-thumbnail hentry category-student-tips category-uncategorized\"><div class=\"lvca-project-image\"><a href=\" https:\/\/calet.uk\/es\/sunrise-yoga-15-min-morning-yoga-practice\/\" target=\"_blank\"><img decoding=\"async\" width=\"300\" height=\"168\" src=\"https:\/\/calet.uk\/wp-content\/uploads\/2020\/04\/adrienne.jpeg\" data-pretty=\"prettyPhoto\" title=\"Cocina de lujo para estudiantes\" class=\"attachment-large size-large wp-post-image\" alt=\"\" srcset=\"https:\/\/calet.uk\/wp-content\/uploads\/2020\/04\/adrienne.jpeg 300w, https:\/\/calet.uk\/wp-content\/uploads\/2020\/04\/adrienne-125x70.jpeg 125w, https:\/\/calet.uk\/wp-content\/uploads\/2020\/04\/adrienne-75x42.jpeg 75w, https:\/\/calet.uk\/wp-content\/uploads\/2020\/04\/adrienne-255x143.jpeg 255w\" sizes=\"(max-width: 300px) 100vw, 300px\" \/><\/a><\/div><div class=\"lvca-entry-text-wrap\"><h3 class=\"entry-title\"><a href=\"https:\/\/calet.uk\/es\/sunrise-yoga-15-min-morning-yoga-practice\/\" title=\"Yoga al amanecer - 15 minutos de pr\u00e1ctica de yoga por la ma\u00f1ana\" target=\"_blank\"\" rel=\"bookmark\">Yoga al amanecer - 15 minutos de pr\u00e1ctica de yoga por la ma\u00f1ana<\/a><\/h3><div class=\"lvca-entry-meta\"><span class=\"author vcard\">Por <a class=\"url fn n\" href=\"https:\/\/calet.uk\/es\/author\/admin\/\" title=\"administraci\u00f3n\">administraci\u00f3n<\/a><\/span><span class=\"published\"><abbr title=\"mi\u00e9rcoles, abril, 2020, 4:22 pm\">29 de abril de 2020<\/abbr><\/span><\/div><\/div><\/article><!-- .hentry --><\/div><div data-id=\"id-18270\" class=\"lvca-grid-item lvca-portfolio-item  term-1\"><article id=\"post-18270\" class=\"post-18270 post type-post status-publish format-standard hentry category-uncategorized\"><div class=\"lvca-entry-text-wrap  nothumbnail\"><h3 class=\"entry-title\"><a href=\"https:\/\/calet.uk\/es\/hello-world-2\/\" title=\"\u00a1Hola Mundo!\" target=\"_blank\"\" rel=\"bookmark\">\u00a1Hola Mundo!<\/a><\/h3><div class=\"lvca-entry-meta\"><span class=\"author vcard\">Por <a class=\"url fn n\" href=\"https:\/\/calet.uk\/es\/author\/admin\/\" title=\"administraci\u00f3n\">administraci\u00f3n<\/a><\/span><span class=\"published\"><abbr title=\"jueves, agosto, 2017, 7:30 am\">17 de agosto de 2017<\/abbr><\/span><\/div><\/div><\/article><!-- .hentry --><\/div><div data-id=\"id-198\" class=\"lvca-grid-item lvca-portfolio-item  term-84\"><article id=\"post-198\" class=\"post-198 post type-post status-publish format-standard has-post-thumbnail hentry category-student-property-treforest tag-student-homes-i-want-to-live-in\"><div class=\"lvca-project-image\"><a href=\" https:\/\/calet.uk\/es\/sidebar-on-the-left\/\" target=\"_blank\"><img decoding=\"async\" width=\"835\" height=\"540\" src=\"https:\/\/calet.uk\/wp-content\/uploads\/2019\/05\/hallway-2.jpg\" data-pretty=\"prettyPhoto\" title=\"Cocina de lujo para estudiantes\" class=\"attachment-large size-large wp-post-image\" alt=\"Hermosos pasillos\" srcset=\"https:\/\/calet.uk\/wp-content\/uploads\/2019\/05\/hallway-2.jpg 835w, https:\/\/calet.uk\/wp-content\/uploads\/2019\/05\/hallway-2-600x388.jpg 600w, https:\/\/calet.uk\/wp-content\/uploads\/2019\/05\/hallway-2-300x194.jpg 300w, https:\/\/calet.uk\/wp-content\/uploads\/2019\/05\/hallway-2-768x497.jpg 768w\" sizes=\"(max-width: 835px) 100vw, 835px\" \/><\/a><\/div><div class=\"lvca-entry-text-wrap\"><h3 class=\"entry-title\"><a href=\"https:\/\/calet.uk\/es\/sidebar-on-the-left\/\" title=\"Casas de estudiantes en las que quiero vivir ...\" target=\"_blank\"\" rel=\"bookmark\">Casas de estudiantes en las que quiero vivir ...<\/a><\/h3><div class=\"lvca-entry-meta\"><span class=\"author vcard\">Por <a class=\"url fn n\" href=\"https:\/\/calet.uk\/es\/author\/admin\/\" title=\"administraci\u00f3n\">administraci\u00f3n<\/a><\/span><span class=\"published\"><abbr title=\"s\u00e1bado, mayo, 2017, 12:58 pm\">27 de mayo de 2017<\/abbr><\/span><\/div><\/div><\/article><!-- .hentry --><\/div><div data-id=\"id-177\" class=\"lvca-grid-item lvca-portfolio-item  term-84\"><article id=\"post-177\" class=\"post-177 post type-post status-publish format-standard has-post-thumbnail hentry category-student-property-treforest tag-price tag-real-estate-2\"><div class=\"lvca-project-image\"><a href=\" https:\/\/calet.uk\/es\/full-width-post\/\" target=\"_blank\"><img decoding=\"async\" width=\"1024\" height=\"576\" src=\"https:\/\/calet.uk\/wp-content\/uploads\/2020\/02\/IMG-20190817-WA0000-1024x576.jpg\" data-pretty=\"prettyPhoto\" title=\"Cocina de lujo para estudiantes\" class=\"attachment-large size-large wp-post-image\" alt=\"50 King St\" srcset=\"https:\/\/calet.uk\/wp-content\/uploads\/2020\/02\/IMG-20190817-WA0000-1024x576.jpg 1024w, https:\/\/calet.uk\/wp-content\/uploads\/2020\/02\/IMG-20190817-WA0000-600x338.jpg 600w, https:\/\/calet.uk\/wp-content\/uploads\/2020\/02\/IMG-20190817-WA0000-300x169.jpg 300w, https:\/\/calet.uk\/wp-content\/uploads\/2020\/02\/IMG-20190817-WA0000-768x432.jpg 768w, https:\/\/calet.uk\/wp-content\/uploads\/2020\/02\/IMG-20190817-WA0000-1536x864.jpg 1536w, https:\/\/calet.uk\/wp-content\/uploads\/2020\/02\/IMG-20190817-WA0000-255x143.jpg 255w, https:\/\/calet.uk\/wp-content\/uploads\/2020\/02\/IMG-20190817-WA0000.jpg 1600w\" sizes=\"(max-width: 1024px) 100vw, 1024px\" \/><\/a><\/div><div class=\"lvca-entry-text-wrap\"><h3 class=\"entry-title\"><a href=\"https:\/\/calet.uk\/es\/full-width-post\/\" title=\"Cocina de lujo para estudiantes\" target=\"_blank\"\" rel=\"bookmark\">Cocina de lujo para estudiantes<\/a><\/h3><div class=\"lvca-entry-meta\"><span class=\"author vcard\">Por <a class=\"url fn n\" href=\"https:\/\/calet.uk\/es\/author\/admin\/\" title=\"administraci\u00f3n\">administraci\u00f3n<\/a><\/span><span class=\"published\"><abbr title=\"s\u00e1bado, mayo, 2017, 10:50 am\">27 de mayo de 2017<\/abbr><\/span><\/div><\/div><\/article><!-- .hentry --><\/div><\/div><!-- .lvca-portfolio --><\/div><!-- .lvca-portfolio-wrap --><\/div><\/div><\/div><\/div>\t\t\t\t\t<\/div>\n\t\t\t\t\t\t<\/div>\n\t\t\t\t<\/div>\n\t\t\t\t\t\t<\/div>\n\t\t\t\t\t<\/div>\n\t\t<\/div>\n\t\t\t\t\t\t\t\t<\/div>\n\t\t\t\t\t<\/div>\n\t\t<\/section>\n\t\t\t\t\t\t\t\t\t<\/div>\n\t\t\t<\/div>\n\t\t\t\t\t<\/div>","protected":false},"excerpt":{"rendered":"50 King Street, Treforest se compr\u00f3 y reacondicion\u00f3 en julio de 2019. La casa se someti\u00f3 a un reacondicionamiento completo con una cocina de lujo para estudiantes, con horno SMEV, placa de cocci\u00f3n SMEV, esquema de color azul de lavado a la piedra con unidades de cocina de color crema. Mucho espacio de almacenamiento y mucha luz natural desde la claraboya del domo.","protected":false},"author":1,"featured_media":0,"parent":0,"menu_order":0,"comment_status":"closed","ping_status":"closed","template":"","meta":{"om_disable_all_campaigns":false,"_monsterinsights_skip_tracking":false,"_monsterinsights_sitenote_active":false,"_monsterinsights_sitenote_note":"","_monsterinsights_sitenote_category":0,"footnotes":""},"class_list":["post-19139","page","type-page","status-publish","hentry"],"yoast_head":"<!-- This site is optimized with the Yoast SEO plugin v20.3 - https:\/\/yoast.com\/wordpress\/plugins\/seo\/ -->\n<title>Blog - Calet Student Property<\/title>\n<meta name=\"robots\" content=\"index, follow, max-snippet:-1, max-image-preview:large, max-video-preview:-1\" \/>\n<link rel=\"canonical\" href=\"https:\/\/calet.uk\/es\/blog\/\" \/>\n<meta property=\"og:locale\" content=\"es_ES\" \/>\n<meta property=\"og:type\" content=\"article\" \/>\n<meta property=\"og:title\" content=\"Blog - Calet Student Property\" \/>\n<meta property=\"og:url\" content=\"https:\/\/calet.uk\/es\/blog\/\" \/>\n<meta property=\"og:site_name\" content=\"Calet Student Property\" \/>\n<meta property=\"article:modified_time\" content=\"2020-04-29T23:39:25+00:00\" \/>\n<meta name=\"twitter:card\" content=\"summary_large_image\" \/>\n<script type=\"application\/ld+json\" class=\"yoast-schema-graph\">{\"@context\":\"https:\/\/schema.org\",\"@graph\":[{\"@type\":\"WebPage\",\"@id\":\"https:\/\/calet.uk\/blog\/\",\"url\":\"https:\/\/calet.uk\/blog\/\",\"name\":\"Blog - Calet Student Property\",\"isPartOf\":{\"@id\":\"https:\/\/calet.uk\/#website\"},\"datePublished\":\"2020-04-29T16:01:46+00:00\",\"dateModified\":\"2020-04-29T23:39:25+00:00\",\"breadcrumb\":{\"@id\":\"https:\/\/calet.uk\/blog\/#breadcrumb\"},\"inLanguage\":\"es\",\"potentialAction\":[{\"@type\":\"ReadAction\",\"target\":[\"https:\/\/calet.uk\/blog\/\"]}]},{\"@type\":\"BreadcrumbList\",\"@id\":\"https:\/\/calet.uk\/blog\/#breadcrumb\",\"itemListElement\":[{\"@type\":\"ListItem\",\"position\":1,\"name\":\"Home\",\"item\":\"https:\/\/calet.uk\/\"},{\"@type\":\"ListItem\",\"position\":2,\"name\":\"Blog\"}]},{\"@type\":\"WebSite\",\"@id\":\"https:\/\/calet.uk\/#website\",\"url\":\"https:\/\/calet.uk\/\",\"name\":\"Calet Student Property\",\"description\":\"Calet Student Property\",\"potentialAction\":[{\"@type\":\"SearchAction\",\"target\":{\"@type\":\"EntryPoint\",\"urlTemplate\":\"https:\/\/calet.uk\/?s={search_term_string}\"},\"query-input\":\"required name=search_term_string\"}],\"inLanguage\":\"es\"}]}<\/script>\n<!-- \/ Yoast SEO plugin. -->","yoast_head_json":{"title":"Blog - Calet Student Property","robots":{"index":"index","follow":"follow","max-snippet":"max-snippet:-1","max-image-preview":"max-image-preview:large","max-video-preview":"max-video-preview:-1"},"canonical":"https:\/\/calet.uk\/es\/blog\/","og_locale":"es_ES","og_type":"article","og_title":"Blog - Calet Student Property","og_url":"https:\/\/calet.uk\/es\/blog\/","og_site_name":"Calet Student Property","article_modified_time":"2020-04-29T23:39:25+00:00","twitter_card":"summary_large_image","schema":{"@context":"https:\/\/schema.org","@graph":[{"@type":"WebPage","@id":"https:\/\/calet.uk\/blog\/","url":"https:\/\/calet.uk\/blog\/","name":"Blog - Calet Student Property","isPartOf":{"@id":"https:\/\/calet.uk\/#website"},"datePublished":"2020-04-29T16:01:46+00:00","dateModified":"2020-04-29T23:39:25+00:00","breadcrumb":{"@id":"https:\/\/calet.uk\/blog\/#breadcrumb"},"inLanguage":"es","potentialAction":[{"@type":"ReadAction","target":["https:\/\/calet.uk\/blog\/"]}]},{"@type":"BreadcrumbList","@id":"https:\/\/calet.uk\/blog\/#breadcrumb","itemListElement":[{"@type":"ListItem","position":1,"name":"Home","item":"https:\/\/calet.uk\/"},{"@type":"ListItem","position":2,"name":"Blog"}]},{"@type":"WebSite","@id":"https:\/\/calet.uk\/#website","url":"https:\/\/calet.uk\/","name":"Calet Student Property","description":"Calet Student Property","potentialAction":[{"@type":"SearchAction","target":{"@type":"EntryPoint","urlTemplate":"https:\/\/calet.uk\/?s={search_term_string}"},"query-input":"required name=search_term_string"}],"inLanguage":"es"}]}},"_links":{"self":[{"href":"https:\/\/calet.uk\/es\/wp-json\/wp\/v2\/pages\/19139","targetHints":{"allow":["GET"]}}],"collection":[{"href":"https:\/\/calet.uk\/es\/wp-json\/wp\/v2\/pages"}],"about":[{"href":"https:\/\/calet.uk\/es\/wp-json\/wp\/v2\/types\/page"}],"author":[{"embeddable":true,"href":"https:\/\/calet.uk\/es\/wp-json\/wp\/v2\/users\/1"}],"replies":[{"embeddable":true,"href":"https:\/\/calet.uk\/es\/wp-json\/wp\/v2\/comments?post=19139"}],"version-history":[{"count":0,"href":"https:\/\/calet.uk\/es\/wp-json\/wp\/v2\/pages\/19139\/revisions"}],"wp:attachment":[{"href":"https:\/\/calet.uk\/es\/wp-json\/wp\/v2\/media?parent=19139"}],"curies":[{"name":"wp","href":"https:\/\/api.w.org\/{rel}","templated":true}]}}