{"id":18486,"date":"2019-05-07T06:19:45","date_gmt":"2019-05-07T06:19:45","guid":{"rendered":"https:\/\/calet.uk\/?page_id=18486"},"modified":"2019-05-09T09:20:18","modified_gmt":"2019-05-09T09:20:18","slug":"about-us","status":"publish","type":"page","link":"https:\/\/calet.uk\/es\/sobre-nosotros\/","title":{"rendered":"Sobre nosotros"},"content":{"rendered":"<div data-vc-full-width=\"true\" data-vc-full-width-init=\"false\" class=\"vc_row wpb_row vc_row-fluid vc_custom_1557247913154 vc_row\"><div class=\"wpb_column vc_column_container vc_col-sm-12 vc_column\" id=\"about-us-slide-show\"><div class=\"vc_column-inner\"><div class=\"wpb_wrapper\">\n\t<div class=\"wpb_text_column wpb_content_element  vc_custom_1557376757523 vc_column_text\" id=\"about-page-title\">\n\t\t<div class=\"wpb_wrapper\">\n\t\t\t<h2 style=\"text-align: center;\">Calet se lanz\u00f3 en 2015 despu\u00e9s de una demanda de alojamiento para estudiantes premium a precios asequibles.<\/h2>\n\n\t\t<\/div>\n\t<\/div>\n[ultimate_carousel slides_on_desk=&#8221;3&#8243; slides_on_tabs=&#8221;2&#8243; slides_on_mob=&#8221;1&#8243; autoplay_speed=&#8221;6000&#8243; arrows=&#8221;off&#8221; dots_color=&#8221;#00ff99&#8243; dots_icon=&#8221;ultsl-radio-checked&#8221;]\n\t<div  class=\"wpb_single_image wpb_content_element vc_align_center  vc_single_image\">\n\t\t\n\t\t<figure class=\"wpb_wrapper vc_figure\">\n\t\t\t<div class=\"vc_single_image-wrapper   vc_box_border_grey\"><img decoding=\"async\" class=\"vc_single_image-img\" src=\"https:\/\/calet.uk\/wp-content\/uploads\/2019\/05\/ADMIN-365x243.jpg\" width=\"365\" height=\"243\" alt=\"ADMINISTRACI\u00d3N\" title=\"ADMINISTRACI\u00d3N\" \/><\/div>\n\t\t<\/figure>\n\t<\/div>\n\n\t<div  class=\"wpb_single_image wpb_content_element vc_align_center  vc_single_image\">\n\t\t\n\t\t<figure class=\"wpb_wrapper vc_figure\">\n\t\t\t<div class=\"vc_single_image-wrapper   vc_box_border_grey\"><img decoding=\"async\" class=\"vc_single_image-img\" src=\"https:\/\/calet.uk\/wp-content\/uploads\/2019\/05\/STUDY2-365x243.jpg\" width=\"365\" height=\"243\" alt=\"ESTUDIO2\" title=\"ESTUDIO2\" \/><\/div>\n\t\t<\/figure>\n\t<\/div>\n\n\t<div  class=\"wpb_single_image wpb_content_element vc_align_center  vc_single_image\">\n\t\t\n\t\t<figure class=\"wpb_wrapper vc_figure\">\n\t\t\t<div class=\"vc_single_image-wrapper   vc_box_border_grey\"><img decoding=\"async\" class=\"vc_single_image-img\" src=\"https:\/\/calet.uk\/wp-content\/uploads\/2019\/05\/STUDY-365x243.jpg\" width=\"365\" height=\"243\" alt=\"ESTUDIAR\" title=\"ESTUDIAR\" \/><\/div>\n\t\t<\/figure>\n\t<\/div>\n\n\t<div  class=\"wpb_single_image wpb_content_element vc_align_center  vc_single_image\">\n\t\t\n\t\t<figure class=\"wpb_wrapper vc_figure\">\n\t\t\t<div class=\"vc_single_image-wrapper   vc_box_border_grey\"><img decoding=\"async\" class=\"vc_single_image-img\" src=\"https:\/\/calet.uk\/wp-content\/uploads\/2019\/05\/STUDENTS-365x243.jpg\" width=\"365\" height=\"243\" alt=\"Estudiantes\" title=\"Estudiantes\" \/><\/div>\n\t\t<\/figure>\n\t<\/div>\n\n\t<div  class=\"wpb_single_image wpb_content_element vc_align_center  vc_single_image\">\n\t\t\n\t\t<figure class=\"wpb_wrapper vc_figure\">\n\t\t\t<div class=\"vc_single_image-wrapper   vc_box_border_grey\"><img decoding=\"async\" class=\"vc_single_image-img\" src=\"https:\/\/calet.uk\/wp-content\/uploads\/2019\/05\/STRATEGY-365x243.jpg\" width=\"365\" height=\"243\" alt=\"ESTRATEGIA\" title=\"ESTRATEGIA\" \/><\/div>\n\t\t<\/figure>\n\t<\/div>\n\n\t<div  class=\"wpb_single_image wpb_content_element vc_align_center  vc_single_image\">\n\t\t\n\t\t<figure class=\"wpb_wrapper vc_figure\">\n\t\t\t<div class=\"vc_single_image-wrapper   vc_box_border_grey\"><img decoding=\"async\" class=\"vc_single_image-img\" src=\"https:\/\/calet.uk\/wp-content\/uploads\/2019\/05\/PEOPLE-365x243.jpg\" width=\"365\" height=\"243\" alt=\"PERSONAS\" title=\"PERSONAS\" \/><\/div>\n\t\t<\/figure>\n\t<\/div>\n\n\t<div  class=\"wpb_single_image wpb_content_element vc_align_center  vc_single_image\">\n\t\t\n\t\t<figure class=\"wpb_wrapper vc_figure\">\n\t\t\t<div class=\"vc_single_image-wrapper   vc_box_border_grey\"><img decoding=\"async\" class=\"vc_single_image-img\" src=\"https:\/\/calet.uk\/wp-content\/uploads\/2019\/05\/PAINT-DEC-365x243.jpg\" width=\"365\" height=\"243\" alt=\"PINTURA-DEC\" title=\"PINTURA-DEC\" \/><\/div>\n\t\t<\/figure>\n\t<\/div>\n\n\t<div  class=\"wpb_single_image wpb_content_element vc_align_center  vc_single_image\">\n\t\t\n\t\t<figure class=\"wpb_wrapper vc_figure\">\n\t\t\t<div class=\"vc_single_image-wrapper   vc_box_border_grey\"><img decoding=\"async\" class=\"vc_single_image-img\" src=\"https:\/\/calet.uk\/wp-content\/uploads\/2019\/05\/FLOOR-365x243.jpg\" width=\"365\" height=\"243\" alt=\"SUELO\" title=\"SUELO\" \/><\/div>\n\t\t<\/figure>\n\t<\/div>\n[\/ultimate_carousel]<\/div><\/div><\/div><\/div><div class=\"vc_row-full-width vc_clearfix\"><\/div><div data-vc-full-width=\"true\" data-vc-full-width-init=\"false\" class=\"vc_row wpb_row vc_row-fluid services_icon vc_custom_1557248370897 vc_row-has-fill vc_row\"><div class=\"wpb_column vc_column_container vc_col-sm-12 vc_column\"><div class=\"vc_column-inner\"><div class=\"wpb_wrapper\">\n\t<div class=\"wpb_text_column wpb_content_element  vc_column_text\" id=\"about-page-title\">\n\t\t<div class=\"wpb_wrapper\">\n\t\t\t<h2 style=\"text-align: center;\">Atenci\u00f3n a los detalles como nunca antes<\/h2>\n\n\t\t<\/div>\n\t<\/div>\n\n\t<div class=\"wpb_text_column wpb_content_element  vc_column_text\" id=\"about-services-up-content\">\n\t\t<div class=\"wpb_wrapper\">\n\t\t\t<p style=\"text-align: center;\">Un equipo profesional y transparente con a\u00f1os de experiencia. Usted trata directamente con los propietarios, con conocimiento local de Treforest, Pontypridd.<\/p>\n\n\t\t<\/div>\n\t<\/div>\n<div id=\"lvca-services6a07a320c3b2b\" data-settings='{&quot;per_line&quot;:&quot;3&quot;,&quot;per_line_tablet&quot;:&quot;2&quot;,&quot;per_line_mobile&quot;:&quot;1&quot;,&quot;style&quot;:&quot;style1&quot;,&quot;icon_size&quot;:&quot;&quot;,&quot;icon_color&quot;:&quot;#c8c8c8&quot;,&quot;hover_color&quot;:&quot;&quot;}' class=\"lvca-services lvca-style1 lvca-grid-container  lvca-grid-desktop-3 lvca-grid-tablet-2 lvca-grid-mobile-1\"><div class=\"lvca-grid-item lvca-service-wrapper\"><div class=\"lvca-service\" ><div class=\"lvca-image-wrapper\"><img decoding=\"async\" width=\"87\" height=\"77\" src=\"https:\/\/calet.uk\/wp-content\/uploads\/2019\/05\/EASY-SET-UP.jpg\" class=\"lvca-image full\" alt=\"\" \/><\/div><div class=\"lvca-service-text\"><h3 class=\"lvca-title\">Equipo amistoso<\/h3><div class=\"lvca-service-details\">Propietario, carpinteros, fontaneros, electricistas est\u00e1n disponibles en caso de cualquier problema de la casa.<\/div><\/div><\/div><\/div><div class=\"lvca-grid-item lvca-service-wrapper\"><div class=\"lvca-service\" ><div class=\"lvca-image-wrapper\"><img decoding=\"async\" width=\"124\" height=\"95\" src=\"https:\/\/calet.uk\/wp-content\/uploads\/2019\/05\/SCALABLE.jpg\" class=\"lvca-image full\" alt=\"\" \/><\/div><div class=\"lvca-service-text\"><h3 class=\"lvca-title\">Calificado<\/h3><div class=\"lvca-service-details\">Calificado y licenciado por Rent Smart Wales para la gesti\u00f3n de propiedades, disputas, seguridad contra incendios y regulaciones.<\/div><\/div><\/div><\/div><div class=\"lvca-grid-item lvca-service-wrapper\"><div class=\"lvca-service\" ><div class=\"lvca-image-wrapper\"><img decoding=\"async\" width=\"81\" height=\"87\" src=\"https:\/\/calet.uk\/wp-content\/uploads\/2019\/05\/TOP-TALENT.jpg\" class=\"lvca-image full\" alt=\"\" \/><\/div><div class=\"lvca-service-text\"><h3 class=\"lvca-title\">Administrador digital<\/h3><div class=\"lvca-service-details\">El administrador es posible usando un tel\u00e9fono inteligente y la nube. Mantenemos todos los documentos en las instalaciones, aunque se almacena una copia en la nube con su Contrato de arrendamiento.<\/div><\/div><\/div><\/div><div class=\"lvca-grid-item lvca-service-wrapper\"><div class=\"lvca-service\" ><div class=\"lvca-image-wrapper\"><img decoding=\"async\" width=\"96\" height=\"73\" src=\"https:\/\/calet.uk\/wp-content\/uploads\/2019\/05\/TIME-ZONE.jpg\" class=\"lvca-image full\" alt=\"\" \/><\/div><div class=\"lvca-service-text\"><h3 class=\"lvca-title\">Disponibilidad<\/h3><div class=\"lvca-service-details\">Vivimos localmente, es posible ver las casas la mayor\u00eda de las ma\u00f1anas o noches seg\u00fan sus preferencias.<\/div><\/div><\/div><\/div><div class=\"lvca-grid-item lvca-service-wrapper\"><div class=\"lvca-service\" ><div class=\"lvca-image-wrapper\"><img decoding=\"async\" width=\"75\" height=\"91\" src=\"https:\/\/calet.uk\/wp-content\/uploads\/2019\/05\/INFRASTRUCTURE.jpg\" class=\"lvca-image full\" alt=\"\" \/><\/div><div class=\"lvca-service-text\"><h3 class=\"lvca-title\">Infraestructura Flexibile<\/h3><div class=\"lvca-service-details\">Podemos permitirnos ser flexibles con varias propiedades HMO. Es f\u00e1cil reubicar a los estudiantes si hay problemas internos.<\/div><\/div><\/div><\/div><div class=\"lvca-grid-item lvca-service-wrapper\"><div class=\"lvca-service\" ><div class=\"lvca-image-wrapper\"><img decoding=\"async\" width=\"94\" height=\"90\" src=\"https:\/\/calet.uk\/wp-content\/uploads\/2019\/05\/CULTURE.png\" class=\"lvca-image full\" alt=\"\" \/><\/div><div class=\"lvca-service-text\"><h3 class=\"lvca-title\">Tu cultura<\/h3><div class=\"lvca-service-details\">Totalmente conectado mediante dispositivos m\u00f3viles, SMS, grupos de propiedades de la aplicaci\u00f3n Whats, correo electr\u00f3nico, Google Drive, Messenger, Facebook, Skype y Viber.<\/div><\/div><\/div><\/div><\/div><\/div><\/div><\/div><\/div><div class=\"vc_row-full-width vc_clearfix\"><\/div>","protected":false},"excerpt":{"rendered":"Calet was launched in 2015 after a demand for premium Student Accommodation at affordable prices. [ultimate_carousel slides_on_desk=\"3\" slides_on_tabs=\"2\" slides_on_mob=\"1\" autoplay_speed=\"6000\" arrows=\"off\" dots_color=\"#00ff99\" dots_icon=\"ultsl-radio-checked\"] [\/ultimate_carousel] Attention to detail like you've never had before A professional, transparent team with years of experience. You deal directly with Landlords, with local knowledge of Treforest, Pontypridd. Friendly TeamLandlord, Carpenters, Plumbers, Electricians are available in case of any House problems.QualifiedQualified ...","protected":false},"author":1,"featured_media":0,"parent":0,"menu_order":0,"comment_status":"closed","ping_status":"closed","template":"","meta":{"om_disable_all_campaigns":false,"_monsterinsights_skip_tracking":false,"_monsterinsights_sitenote_active":false,"_monsterinsights_sitenote_note":"","_monsterinsights_sitenote_category":0,"footnotes":""},"class_list":["post-18486","page","type-page","status-publish","hentry"],"yoast_head":"<!-- This site is optimized with the Yoast SEO plugin v20.3 - https:\/\/yoast.com\/wordpress\/plugins\/seo\/ -->\n<title>About Us - Calet Student Property<\/title>\n<meta name=\"robots\" content=\"index, follow, max-snippet:-1, max-image-preview:large, max-video-preview:-1\" \/>\n<link rel=\"canonical\" href=\"https:\/\/calet.uk\/es\/riguardo-a-noi\/\" \/>\n<meta property=\"og:locale\" content=\"es_ES\" \/>\n<meta property=\"og:type\" content=\"article\" \/>\n<meta property=\"og:title\" content=\"About Us - Calet Student Property\" \/>\n<meta property=\"og:url\" content=\"https:\/\/calet.uk\/es\/riguardo-a-noi\/\" \/>\n<meta property=\"og:site_name\" content=\"Calet Student Property\" \/>\n<meta property=\"article:modified_time\" content=\"2019-05-09T09:20:18+00:00\" \/>\n<meta name=\"twitter:card\" content=\"summary_large_image\" \/>\n<meta name=\"twitter:label1\" content=\"Tiempo de lectura\" \/>\n\t<meta name=\"twitter:data1\" content=\"2 minutos\" \/>\n<script type=\"application\/ld+json\" class=\"yoast-schema-graph\">{\"@context\":\"https:\/\/schema.org\",\"@graph\":[{\"@type\":\"WebPage\",\"@id\":\"https:\/\/calet.uk\/it\/riguardo-a-noi\/\",\"url\":\"https:\/\/calet.uk\/it\/riguardo-a-noi\/\",\"name\":\"About Us - Calet Student Property\",\"isPartOf\":{\"@id\":\"https:\/\/calet.uk\/#website\"},\"datePublished\":\"2019-05-07T06:19:45+00:00\",\"dateModified\":\"2019-05-09T09:20:18+00:00\",\"breadcrumb\":{\"@id\":\"https:\/\/calet.uk\/it\/riguardo-a-noi\/#breadcrumb\"},\"inLanguage\":\"es\",\"potentialAction\":[{\"@type\":\"ReadAction\",\"target\":[\"https:\/\/calet.uk\/it\/riguardo-a-noi\/\"]}]},{\"@type\":\"BreadcrumbList\",\"@id\":\"https:\/\/calet.uk\/it\/riguardo-a-noi\/#breadcrumb\",\"itemListElement\":[{\"@type\":\"ListItem\",\"position\":1,\"name\":\"Home\",\"item\":\"https:\/\/calet.uk\/\"},{\"@type\":\"ListItem\",\"position\":2,\"name\":\"About Us\"}]},{\"@type\":\"WebSite\",\"@id\":\"https:\/\/calet.uk\/#website\",\"url\":\"https:\/\/calet.uk\/\",\"name\":\"Calet Student Property\",\"description\":\"Calet Student Property\",\"potentialAction\":[{\"@type\":\"SearchAction\",\"target\":{\"@type\":\"EntryPoint\",\"urlTemplate\":\"https:\/\/calet.uk\/?s={search_term_string}\"},\"query-input\":\"required name=search_term_string\"}],\"inLanguage\":\"es\"}]}<\/script>\n<!-- \/ Yoast SEO plugin. -->","yoast_head_json":{"title":"About Us - Calet Student Property","robots":{"index":"index","follow":"follow","max-snippet":"max-snippet:-1","max-image-preview":"max-image-preview:large","max-video-preview":"max-video-preview:-1"},"canonical":"https:\/\/calet.uk\/es\/riguardo-a-noi\/","og_locale":"es_ES","og_type":"article","og_title":"About Us - Calet Student Property","og_url":"https:\/\/calet.uk\/es\/riguardo-a-noi\/","og_site_name":"Calet Student Property","article_modified_time":"2019-05-09T09:20:18+00:00","twitter_card":"summary_large_image","twitter_misc":{"Tiempo de lectura":"2 minutos"},"schema":{"@context":"https:\/\/schema.org","@graph":[{"@type":"WebPage","@id":"https:\/\/calet.uk\/it\/riguardo-a-noi\/","url":"https:\/\/calet.uk\/it\/riguardo-a-noi\/","name":"About Us - Calet Student Property","isPartOf":{"@id":"https:\/\/calet.uk\/#website"},"datePublished":"2019-05-07T06:19:45+00:00","dateModified":"2019-05-09T09:20:18+00:00","breadcrumb":{"@id":"https:\/\/calet.uk\/it\/riguardo-a-noi\/#breadcrumb"},"inLanguage":"es","potentialAction":[{"@type":"ReadAction","target":["https:\/\/calet.uk\/it\/riguardo-a-noi\/"]}]},{"@type":"BreadcrumbList","@id":"https:\/\/calet.uk\/it\/riguardo-a-noi\/#breadcrumb","itemListElement":[{"@type":"ListItem","position":1,"name":"Home","item":"https:\/\/calet.uk\/"},{"@type":"ListItem","position":2,"name":"About Us"}]},{"@type":"WebSite","@id":"https:\/\/calet.uk\/#website","url":"https:\/\/calet.uk\/","name":"Calet Student Property","description":"Calet Student Property","potentialAction":[{"@type":"SearchAction","target":{"@type":"EntryPoint","urlTemplate":"https:\/\/calet.uk\/?s={search_term_string}"},"query-input":"required name=search_term_string"}],"inLanguage":"es"}]}},"_links":{"self":[{"href":"https:\/\/calet.uk\/es\/wp-json\/wp\/v2\/pages\/18486","targetHints":{"allow":["GET"]}}],"collection":[{"href":"https:\/\/calet.uk\/es\/wp-json\/wp\/v2\/pages"}],"about":[{"href":"https:\/\/calet.uk\/es\/wp-json\/wp\/v2\/types\/page"}],"author":[{"embeddable":true,"href":"https:\/\/calet.uk\/es\/wp-json\/wp\/v2\/users\/1"}],"replies":[{"embeddable":true,"href":"https:\/\/calet.uk\/es\/wp-json\/wp\/v2\/comments?post=18486"}],"version-history":[{"count":0,"href":"https:\/\/calet.uk\/es\/wp-json\/wp\/v2\/pages\/18486\/revisions"}],"wp:attachment":[{"href":"https:\/\/calet.uk\/es\/wp-json\/wp\/v2\/media?parent=18486"}],"curies":[{"name":"wp","href":"https:\/\/api.w.org\/{rel}","templated":true}]}}