{"id":18486,"date":"2019-05-07T06:19:45","date_gmt":"2019-05-07T06:19:45","guid":{"rendered":"https:\/\/calet.uk\/?page_id=18486"},"modified":"2019-05-09T09:20:18","modified_gmt":"2019-05-09T09:20:18","slug":"about-us","status":"publish","type":"page","link":"https:\/\/calet.uk\/de\/uber-uns\/","title":{"rendered":"\u00dcber uns"},"content":{"rendered":"<div data-vc-full-width=\"true\" data-vc-full-width-init=\"false\" class=\"vc_row wpb_row vc_row-fluid vc_custom_1557247913154 vc_row\"><div class=\"wpb_column vc_column_container vc_col-sm-12 vc_column\" id=\"about-us-slide-show\"><div class=\"vc_column-inner\"><div class=\"wpb_wrapper\">\n\t<div class=\"wpb_text_column wpb_content_element  vc_custom_1557376757523 vc_column_text\" id=\"about-page-title\">\n\t\t<div class=\"wpb_wrapper\">\n\t\t\t<h2 style=\"text-align: center;\">Calet wurde im Jahr 2015 nach einer Nachfrage nach Premium-Studentenunterk\u00fcnften zu erschwinglichen Preisen ins Leben gerufen.<\/h2>\n\n\t\t<\/div>\n\t<\/div>\n[ultimate_carousel slides_on_desk=&#8221;3&#8243; slides_on_tabs=&#8221;2&#8243; slides_on_mob=&#8221;1&#8243; autoplay_speed=&#8221;6000&#8243; arrows=&#8221;off&#8221; dots_color=&#8221;#00ff99&#8243; dots_icon=&#8221;ultsl-radio-checked&#8221;]\n\t<div  class=\"wpb_single_image wpb_content_element vc_align_center  vc_single_image\">\n\t\t\n\t\t<figure class=\"wpb_wrapper vc_figure\">\n\t\t\t<div class=\"vc_single_image-wrapper   vc_box_border_grey\"><img decoding=\"async\" class=\"vc_single_image-img\" src=\"https:\/\/calet.uk\/wp-content\/uploads\/2019\/05\/ADMIN-365x243.jpg\" width=\"365\" height=\"243\" alt=\"ADMINISTRATOR\" title=\"ADMINISTRATOR\" \/><\/div>\n\t\t<\/figure>\n\t<\/div>\n\n\t<div  class=\"wpb_single_image wpb_content_element vc_align_center  vc_single_image\">\n\t\t\n\t\t<figure class=\"wpb_wrapper vc_figure\">\n\t\t\t<div class=\"vc_single_image-wrapper   vc_box_border_grey\"><img decoding=\"async\" class=\"vc_single_image-img\" src=\"https:\/\/calet.uk\/wp-content\/uploads\/2019\/05\/STUDY2-365x243.jpg\" width=\"365\" height=\"243\" alt=\"STUDIE2\" title=\"STUDIE2\" \/><\/div>\n\t\t<\/figure>\n\t<\/div>\n\n\t<div  class=\"wpb_single_image wpb_content_element vc_align_center  vc_single_image\">\n\t\t\n\t\t<figure class=\"wpb_wrapper vc_figure\">\n\t\t\t<div class=\"vc_single_image-wrapper   vc_box_border_grey\"><img decoding=\"async\" class=\"vc_single_image-img\" src=\"https:\/\/calet.uk\/wp-content\/uploads\/2019\/05\/STUDY-365x243.jpg\" width=\"365\" height=\"243\" alt=\"STUDIE\" title=\"STUDIE\" \/><\/div>\n\t\t<\/figure>\n\t<\/div>\n\n\t<div  class=\"wpb_single_image wpb_content_element vc_align_center  vc_single_image\">\n\t\t\n\t\t<figure class=\"wpb_wrapper vc_figure\">\n\t\t\t<div class=\"vc_single_image-wrapper   vc_box_border_grey\"><img decoding=\"async\" class=\"vc_single_image-img\" src=\"https:\/\/calet.uk\/wp-content\/uploads\/2019\/05\/STUDENTS-365x243.jpg\" width=\"365\" height=\"243\" alt=\"STUDENTEN\" title=\"STUDENTEN\" \/><\/div>\n\t\t<\/figure>\n\t<\/div>\n\n\t<div  class=\"wpb_single_image wpb_content_element vc_align_center  vc_single_image\">\n\t\t\n\t\t<figure class=\"wpb_wrapper vc_figure\">\n\t\t\t<div class=\"vc_single_image-wrapper   vc_box_border_grey\"><img decoding=\"async\" class=\"vc_single_image-img\" src=\"https:\/\/calet.uk\/wp-content\/uploads\/2019\/05\/STRATEGY-365x243.jpg\" width=\"365\" height=\"243\" alt=\"STRATEGIE\" title=\"STRATEGIE\" \/><\/div>\n\t\t<\/figure>\n\t<\/div>\n\n\t<div  class=\"wpb_single_image wpb_content_element vc_align_center  vc_single_image\">\n\t\t\n\t\t<figure class=\"wpb_wrapper vc_figure\">\n\t\t\t<div class=\"vc_single_image-wrapper   vc_box_border_grey\"><img decoding=\"async\" class=\"vc_single_image-img\" src=\"https:\/\/calet.uk\/wp-content\/uploads\/2019\/05\/PEOPLE-365x243.jpg\" width=\"365\" height=\"243\" alt=\"MENSCHEN\" title=\"MENSCHEN\" \/><\/div>\n\t\t<\/figure>\n\t<\/div>\n\n\t<div  class=\"wpb_single_image wpb_content_element vc_align_center  vc_single_image\">\n\t\t\n\t\t<figure class=\"wpb_wrapper vc_figure\">\n\t\t\t<div class=\"vc_single_image-wrapper   vc_box_border_grey\"><img decoding=\"async\" class=\"vc_single_image-img\" src=\"https:\/\/calet.uk\/wp-content\/uploads\/2019\/05\/PAINT-DEC-365x243.jpg\" width=\"365\" height=\"243\" alt=\"PAINT-DEC\" title=\"PAINT-DEC\" \/><\/div>\n\t\t<\/figure>\n\t<\/div>\n\n\t<div  class=\"wpb_single_image wpb_content_element vc_align_center  vc_single_image\">\n\t\t\n\t\t<figure class=\"wpb_wrapper vc_figure\">\n\t\t\t<div class=\"vc_single_image-wrapper   vc_box_border_grey\"><img decoding=\"async\" class=\"vc_single_image-img\" src=\"https:\/\/calet.uk\/wp-content\/uploads\/2019\/05\/FLOOR-365x243.jpg\" width=\"365\" height=\"243\" alt=\"FUSSBODEN\" title=\"FUSSBODEN\" \/><\/div>\n\t\t<\/figure>\n\t<\/div>\n[\/ultimate_carousel]<\/div><\/div><\/div><\/div><div class=\"vc_row-full-width vc_clearfix\"><\/div><div data-vc-full-width=\"true\" data-vc-full-width-init=\"false\" class=\"vc_row wpb_row vc_row-fluid services_icon vc_custom_1557248370897 vc_row-has-fill vc_row\"><div class=\"wpb_column vc_column_container vc_col-sm-12 vc_column\"><div class=\"vc_column-inner\"><div class=\"wpb_wrapper\">\n\t<div class=\"wpb_text_column wpb_content_element  vc_column_text\" id=\"about-page-title\">\n\t\t<div class=\"wpb_wrapper\">\n\t\t\t<h2 style=\"text-align: center;\">Liebe zum Detail wie nie zuvor<\/h2>\n\n\t\t<\/div>\n\t<\/div>\n\n\t<div class=\"wpb_text_column wpb_content_element  vc_column_text\" id=\"about-services-up-content\">\n\t\t<div class=\"wpb_wrapper\">\n\t\t\t<p style=\"text-align: center;\">Ein professionelles, transparentes Team mit langj\u00e4hriger Erfahrung. Sie wenden sich direkt an Vermieter mit Ortskenntnissen in Treforest, Pontypridd.<\/p>\n\n\t\t<\/div>\n\t<\/div>\n<div id=\"lvca-services69fc6c25393f9\" data-settings='{&quot;per_line&quot;:&quot;3&quot;,&quot;per_line_tablet&quot;:&quot;2&quot;,&quot;per_line_mobile&quot;:&quot;1&quot;,&quot;style&quot;:&quot;style1&quot;,&quot;icon_size&quot;:&quot;&quot;,&quot;icon_color&quot;:&quot;#c8c8c8&quot;,&quot;hover_color&quot;:&quot;&quot;}' class=\"lvca-services lvca-style1 lvca-grid-container  lvca-grid-desktop-3 lvca-grid-tablet-2 lvca-grid-mobile-1\"><div class=\"lvca-grid-item lvca-service-wrapper\"><div class=\"lvca-service\" ><div class=\"lvca-image-wrapper\"><img decoding=\"async\" width=\"87\" height=\"77\" src=\"https:\/\/calet.uk\/wp-content\/uploads\/2019\/05\/EASY-SET-UP.jpg\" class=\"lvca-image full\" alt=\"\" \/><\/div><div class=\"lvca-service-text\"><h3 class=\"lvca-title\">Freundliches Team<\/h3><div class=\"lvca-service-details\">Vermieter, Tischler, Klempner, Elektriker stehen bei Problemen mit dem Haus zur Verf\u00fcgung.<\/div><\/div><\/div><\/div><div class=\"lvca-grid-item lvca-service-wrapper\"><div class=\"lvca-service\" ><div class=\"lvca-image-wrapper\"><img decoding=\"async\" width=\"124\" height=\"95\" src=\"https:\/\/calet.uk\/wp-content\/uploads\/2019\/05\/SCALABLE.jpg\" class=\"lvca-image full\" alt=\"\" \/><\/div><div class=\"lvca-service-text\"><h3 class=\"lvca-title\">Qualifiziert<\/h3><div class=\"lvca-service-details\">Qualifiziert und lizenziert von Rent Smart Wales f\u00fcr Immobilienverwaltung, Streitigkeiten, Brandschutz und Vorschriften.<\/div><\/div><\/div><\/div><div class=\"lvca-grid-item lvca-service-wrapper\"><div class=\"lvca-service\" ><div class=\"lvca-image-wrapper\"><img decoding=\"async\" width=\"81\" height=\"87\" src=\"https:\/\/calet.uk\/wp-content\/uploads\/2019\/05\/TOP-TALENT.jpg\" class=\"lvca-image full\" alt=\"\" \/><\/div><div class=\"lvca-service-text\"><h3 class=\"lvca-title\">Digital Admin<\/h3><div class=\"lvca-service-details\">Der Administrator ist \u00fcber ein Smartphone und die Cloud m\u00f6glich. Wir bewahren alle Dokumente vor Ort auf, obwohl eine Kopie mit Ihrem Mietvertrag in der Cloud gespeichert ist.<\/div><\/div><\/div><\/div><div class=\"lvca-grid-item lvca-service-wrapper\"><div class=\"lvca-service\" ><div class=\"lvca-image-wrapper\"><img decoding=\"async\" width=\"96\" height=\"73\" src=\"https:\/\/calet.uk\/wp-content\/uploads\/2019\/05\/TIME-ZONE.jpg\" class=\"lvca-image full\" alt=\"\" \/><\/div><div class=\"lvca-service-text\"><h3 class=\"lvca-title\">Verf\u00fcgbarkeit<\/h3><div class=\"lvca-service-details\">Wir leben vor Ort. Es ist m\u00f6glich, die H\u00e4user morgens oder abends nach Ihren W\u00fcnschen zu besichtigen.<\/div><\/div><\/div><\/div><div class=\"lvca-grid-item lvca-service-wrapper\"><div class=\"lvca-service\" ><div class=\"lvca-image-wrapper\"><img decoding=\"async\" width=\"75\" height=\"91\" src=\"https:\/\/calet.uk\/wp-content\/uploads\/2019\/05\/INFRASTRUCTURE.jpg\" class=\"lvca-image full\" alt=\"\" \/><\/div><div class=\"lvca-service-text\"><h3 class=\"lvca-title\">Flexible Infrastruktur<\/h3><div class=\"lvca-service-details\">Wir k\u00f6nnen es uns leisten, mit mehreren HMO-Eigenschaften flexibel zu sein. Es ist einfach, Studenten umzusiedeln, wenn es interne Probleme gibt.<\/div><\/div><\/div><\/div><div class=\"lvca-grid-item lvca-service-wrapper\"><div class=\"lvca-service\" ><div class=\"lvca-image-wrapper\"><img decoding=\"async\" width=\"94\" height=\"90\" src=\"https:\/\/calet.uk\/wp-content\/uploads\/2019\/05\/CULTURE.png\" class=\"lvca-image full\" alt=\"\" \/><\/div><div class=\"lvca-service-text\"><h3 class=\"lvca-title\">Deine Kultur<\/h3><div class=\"lvca-service-details\">Vollst\u00e4ndig verbunden \u00fcber Mobile, SMS, Whats App-Eigenschaftsgruppen, E-Mail, Google Drive, Messenger, Facebook, Skype und Viber.<\/div><\/div><\/div><\/div><\/div><\/div><\/div><\/div><\/div><div class=\"vc_row-full-width vc_clearfix\"><\/div>","protected":false},"excerpt":{"rendered":"Calet was launched in 2015 after a demand for premium Student Accommodation at affordable prices. [ultimate_carousel slides_on_desk=\"3\" slides_on_tabs=\"2\" slides_on_mob=\"1\" autoplay_speed=\"6000\" arrows=\"off\" dots_color=\"#00ff99\" dots_icon=\"ultsl-radio-checked\"] [\/ultimate_carousel] Attention to detail like you've never had before A professional, transparent team with years of experience. You deal directly with Landlords, with local knowledge of Treforest, Pontypridd. Friendly TeamLandlord, Carpenters, Plumbers, Electricians are available in case of any House problems.QualifiedQualified ...","protected":false},"author":1,"featured_media":0,"parent":0,"menu_order":0,"comment_status":"closed","ping_status":"closed","template":"","meta":{"om_disable_all_campaigns":false,"_monsterinsights_skip_tracking":false,"_monsterinsights_sitenote_active":false,"_monsterinsights_sitenote_note":"","_monsterinsights_sitenote_category":0,"footnotes":""},"class_list":["post-18486","page","type-page","status-publish","hentry"],"yoast_head":"<!-- This site is optimized with the Yoast SEO plugin v20.3 - https:\/\/yoast.com\/wordpress\/plugins\/seo\/ -->\n<title>About Us - Calet Student Property<\/title>\n<meta name=\"robots\" content=\"index, follow, max-snippet:-1, max-image-preview:large, max-video-preview:-1\" \/>\n<link rel=\"canonical\" href=\"https:\/\/calet.uk\/de\/riguardo-a-noi\/\" \/>\n<meta property=\"og:locale\" content=\"de_DE\" \/>\n<meta property=\"og:type\" content=\"article\" \/>\n<meta property=\"og:title\" content=\"About Us - Calet Student Property\" \/>\n<meta property=\"og:url\" content=\"https:\/\/calet.uk\/de\/riguardo-a-noi\/\" \/>\n<meta property=\"og:site_name\" content=\"Calet Student Property\" \/>\n<meta property=\"article:modified_time\" content=\"2019-05-09T09:20:18+00:00\" \/>\n<meta name=\"twitter:card\" content=\"summary_large_image\" \/>\n<meta name=\"twitter:label1\" content=\"Gesch\u00e4tzte Lesezeit\" \/>\n\t<meta name=\"twitter:data1\" content=\"2\u00a0Minuten\" \/>\n<script type=\"application\/ld+json\" class=\"yoast-schema-graph\">{\"@context\":\"https:\/\/schema.org\",\"@graph\":[{\"@type\":\"WebPage\",\"@id\":\"https:\/\/calet.uk\/it\/riguardo-a-noi\/\",\"url\":\"https:\/\/calet.uk\/it\/riguardo-a-noi\/\",\"name\":\"About Us - Calet Student Property\",\"isPartOf\":{\"@id\":\"https:\/\/calet.uk\/#website\"},\"datePublished\":\"2019-05-07T06:19:45+00:00\",\"dateModified\":\"2019-05-09T09:20:18+00:00\",\"breadcrumb\":{\"@id\":\"https:\/\/calet.uk\/it\/riguardo-a-noi\/#breadcrumb\"},\"inLanguage\":\"de\",\"potentialAction\":[{\"@type\":\"ReadAction\",\"target\":[\"https:\/\/calet.uk\/it\/riguardo-a-noi\/\"]}]},{\"@type\":\"BreadcrumbList\",\"@id\":\"https:\/\/calet.uk\/it\/riguardo-a-noi\/#breadcrumb\",\"itemListElement\":[{\"@type\":\"ListItem\",\"position\":1,\"name\":\"Home\",\"item\":\"https:\/\/calet.uk\/\"},{\"@type\":\"ListItem\",\"position\":2,\"name\":\"About Us\"}]},{\"@type\":\"WebSite\",\"@id\":\"https:\/\/calet.uk\/#website\",\"url\":\"https:\/\/calet.uk\/\",\"name\":\"Calet Student Property\",\"description\":\"Calet Student Property\",\"potentialAction\":[{\"@type\":\"SearchAction\",\"target\":{\"@type\":\"EntryPoint\",\"urlTemplate\":\"https:\/\/calet.uk\/?s={search_term_string}\"},\"query-input\":\"required name=search_term_string\"}],\"inLanguage\":\"de\"}]}<\/script>\n<!-- \/ Yoast SEO plugin. -->","yoast_head_json":{"title":"About Us - Calet Student Property","robots":{"index":"index","follow":"follow","max-snippet":"max-snippet:-1","max-image-preview":"max-image-preview:large","max-video-preview":"max-video-preview:-1"},"canonical":"https:\/\/calet.uk\/de\/riguardo-a-noi\/","og_locale":"de_DE","og_type":"article","og_title":"About Us - Calet Student Property","og_url":"https:\/\/calet.uk\/de\/riguardo-a-noi\/","og_site_name":"Calet Student Property","article_modified_time":"2019-05-09T09:20:18+00:00","twitter_card":"summary_large_image","twitter_misc":{"Gesch\u00e4tzte Lesezeit":"2\u00a0Minuten"},"schema":{"@context":"https:\/\/schema.org","@graph":[{"@type":"WebPage","@id":"https:\/\/calet.uk\/it\/riguardo-a-noi\/","url":"https:\/\/calet.uk\/it\/riguardo-a-noi\/","name":"About Us - Calet Student Property","isPartOf":{"@id":"https:\/\/calet.uk\/#website"},"datePublished":"2019-05-07T06:19:45+00:00","dateModified":"2019-05-09T09:20:18+00:00","breadcrumb":{"@id":"https:\/\/calet.uk\/it\/riguardo-a-noi\/#breadcrumb"},"inLanguage":"de","potentialAction":[{"@type":"ReadAction","target":["https:\/\/calet.uk\/it\/riguardo-a-noi\/"]}]},{"@type":"BreadcrumbList","@id":"https:\/\/calet.uk\/it\/riguardo-a-noi\/#breadcrumb","itemListElement":[{"@type":"ListItem","position":1,"name":"Home","item":"https:\/\/calet.uk\/"},{"@type":"ListItem","position":2,"name":"About Us"}]},{"@type":"WebSite","@id":"https:\/\/calet.uk\/#website","url":"https:\/\/calet.uk\/","name":"Calet Student Property","description":"Calet Student Property","potentialAction":[{"@type":"SearchAction","target":{"@type":"EntryPoint","urlTemplate":"https:\/\/calet.uk\/?s={search_term_string}"},"query-input":"required name=search_term_string"}],"inLanguage":"de"}]}},"_links":{"self":[{"href":"https:\/\/calet.uk\/de\/wp-json\/wp\/v2\/pages\/18486","targetHints":{"allow":["GET"]}}],"collection":[{"href":"https:\/\/calet.uk\/de\/wp-json\/wp\/v2\/pages"}],"about":[{"href":"https:\/\/calet.uk\/de\/wp-json\/wp\/v2\/types\/page"}],"author":[{"embeddable":true,"href":"https:\/\/calet.uk\/de\/wp-json\/wp\/v2\/users\/1"}],"replies":[{"embeddable":true,"href":"https:\/\/calet.uk\/de\/wp-json\/wp\/v2\/comments?post=18486"}],"version-history":[{"count":0,"href":"https:\/\/calet.uk\/de\/wp-json\/wp\/v2\/pages\/18486\/revisions"}],"wp:attachment":[{"href":"https:\/\/calet.uk\/de\/wp-json\/wp\/v2\/media?parent=18486"}],"curies":[{"name":"wp","href":"https:\/\/api.w.org\/{rel}","templated":true}]}}